{"id":1230,"date":"2020-06-02T19:05:11","date_gmt":"2020-06-02T22:05:11","guid":{"rendered":"https:\/\/isfdtrettel-cba.infd.edu.ar\/sitio\/?page_id=1230"},"modified":"2021-06-03T20:40:48","modified_gmt":"2021-06-03T23:40:48","slug":"convocatorias-horas-catedra","status":"publish","type":"page","link":"https:\/\/isfdtrettel-cba.infd.edu.ar\/sitio\/convocatorias-horas-catedra\/","title":{"rendered":"CONVOCATORIAS HORAS C\u00c1TEDRAS VACANTES"},"content":{"rendered":"<p><strong><span style=\"color: #ff6600;\">Profesorado de Educaci\u00f3n Secundaria en Matem\u00e1tica. Sede<\/span><\/strong><\/p>\n<p><span style=\"color: #3a3a3a;\">Espacio curricular:\u00a0<\/span> <span style=\"font-family: arial, sans-serif;\"><b>Pr\u00e1ctica Docente I: Contextos y Pr\u00e1cticas Educativas\u2013 <\/b><\/span><\/p>\n<p><span style=\"font-family: arial, sans-serif;\">C\u00f3digo:\u00a0A76041\u00a0 <b>\u2013 4 horas\u00a0c\u00e1tedras\u00a0.<\/b><\/span><\/p>\n<p>Curso y divisi\u00f3n:\u00a0<b>1er.<\/b><strong>\u00a0a\u00f1o div. A\u00a0<\/strong><\/p>\n<p>Car\u00e1cter:\u00a0<strong>Interino a t\u00e9rmino<\/strong><\/p>\n<p>D\u00edas y horarios de desempe\u00f1o:\u00a0<b>Viernes de 20:10 a 20:50, de 21 a 21.40, de 21:40 a 22:20 y de 22:20 a 23 hs.<\/b><\/p>\n<p>Causal de la vacante:\u00a0<strong>Apertura<\/strong><b><br \/>\n<\/b><\/p>\n<p><strong>FECHA DE AUTORIZACI\u00d3N: desde el 28 al 31 de mayo y 01 de junio de 2021\u00a0<\/strong><\/p>\n<p><strong><span style=\"color: #ff0000;\">CONVOCATORIA CERRADA<\/span><\/strong><\/p>\n<p><strong><span style=\"color: #ff6600;\">Profesorado de Educaci\u00f3n Primaria Anexo.\u00a0<\/span><\/strong><\/p>\n<p><span style=\"font-family: arial, sans-serif;\"><span style=\"color: #3a3a3a;\">Espacio curricular:\u00a0<\/span><\/span><span style=\"font-family: arial, sans-serif;\"><b>Literatura en el Nivel Primario<span style=\"color: #3a3a3a;\">\u00a0<\/span><span style=\"color: #3a3a3a;\">\u00a0<\/span>&#8211;\u00a0<\/b><\/span><\/p>\n<p><span style=\"font-family: arial, sans-serif;\">C\u00f3digo:\u00a0A77259<b>\u00a0\u00a0\u2013 3 horas\u00a0c\u00e1tedras\u00a0.<\/b><\/span><\/p>\n<p>Curso y divisi\u00f3n:\u00a0<b>3er.<\/b><strong>\u00a0a\u00f1o Div. C<\/strong><\/p>\n<p>Car\u00e1cter:\u00a0<strong>Interino a t\u00e9rmino<\/strong><\/p>\n<p>D\u00edas y horarios de desempe\u00f1o:\u00a0<b>Mi\u00e9rcoles 9:30 a 10:10, de 10:10 a 10:50 y de 11 a 11:40.<\/b><\/p>\n<p>Causal de la vacante:\u00a0<strong>Apertura<\/strong><\/p>\n<p><strong><span class=\"gmail_default\"><u><i>FECHA DE AUTORIZACI\u00d3N : desde el 28 al 31 de mayo y 01 de junio de 2021<\/i><\/u><\/span><\/strong><\/p>\n<p><strong><span style=\"color: #ff0000;\">CONVOCATORIA CERRADA<\/span><\/strong><\/p>\n<p><span style=\"color: #ff6600;\">Profesorado de Educaci\u00f3n Inicial SEDE.\u00a0<\/span><\/p>\n<p><span style=\"font-family: arial, sans-serif;\"><span style=\"color: #3a3a3a;\">Espacio curricular:\u00a0<\/span><b>TIC y la Ense\u00f1anza en el Nivel Inicial<span style=\"color: #3a3a3a;\">\u00a0<\/span><span style=\"color: #3a3a3a;\">\u00a0<\/span>&#8211;\u00a0<\/b><\/span><\/p>\n<p><span style=\"font-family: arial, sans-serif;\">C\u00f3digo:\u00a0A76829\u00a0\u00a0<b>\u2013 2 horas\u00a0c\u00e1tedras\u00a0.<\/b><\/span><\/p>\n<p>Curso y divisi\u00f3n:\u00a0<b>2\u00b0.<\/b><strong>\u00a0a\u00f1o Div. A<\/strong><\/p>\n<p>Car\u00e1cter:\u00a0<strong>Interino a t\u00e9rmino<\/strong><\/p>\n<p>D\u00edas y horarios de desempe\u00f1o:\u00a0<b>Viernes de 20:10 a 20:50 y de 21 a 21:40 hs.<\/b><\/p>\n<p>Causal de la vacante:\u00a0<strong>Apertura<\/strong><\/p>\n<p><strong><span class=\"gmail_default\"><u><i>FECHA DE AUTORIZACI\u00d3N : desde el 28 al 31 de mayo y 01 de junio de 2021<\/i><\/u><\/span><\/strong><\/p>\n<p><strong><span style=\"color: #ff0000;\">CONVOCATORIA CERRADA<\/span><\/strong><\/p>\n<p><span style=\"font-family: arial, sans-serif;\"><span style=\"color: #ff6600;\"><b>Profesorado de Educaci\u00f3n Primaria Sede.\u00a0 \u00a0<\/b><\/span><span style=\"color: #3a3a3a;\"><br \/>\n<\/span><\/span><\/p>\n<p><span style=\"color: #000000; font-family: arial, sans-serif;\">Espacio curricular:\u00a0<b>Ciencias Naturales y su Did\u00e1ctica II\u00a0\u00a0&#8211;\u00a0<\/b><\/span><\/p>\n<p><span style=\"color: #000000; font-family: arial, sans-serif;\">C\u00f3digo: A 77261\u00a0<b> \u00a0\u2013 6 horas\u00a0c\u00e1tedras\u00a0.<\/b><\/span><\/p>\n<p><span style=\"color: #000000; font-family: arial, sans-serif;\">Curso y divisi\u00f3n:<b>\u00a03er.<\/b>\u00a0<strong>a\u00f1o Div. B<\/strong><\/span><\/p>\n<p><span style=\"color: #000000; font-family: arial, sans-serif;\">Car\u00e1cter:\u00a0<strong>Interino<\/strong><\/span><\/p>\n<p><span style=\"color: #000000; font-family: arial, sans-serif;\">D\u00edas y horarios de desempe\u00f1o:\u00a0<b>Lunes de 19:30 a 20:10, de 20:10 a 20:50 hs. Martes de 21:40 a 22.20 y de 22.20 a 23. Mi\u00e9rcoles de 21:40 a 22:20 y de 22:20 a 23 hs.<\/b><\/span><\/p>\n<p><span style=\"color: #000000; font-family: arial, sans-serif;\">Causal de la vacante:\u00a0<b>Jubilaci\u00f3n<\/b><b>&#8211;\u00a0<\/b><\/span><\/p>\n<p><strong><span class=\"gmail_default\"><u><i>FECHA DE AUTORIZACI\u00d3N : desde el 31 de mayo al 02 de junio de 2021<\/i><\/u><\/span><\/strong><\/p>\n<p><strong><span style=\"color: #ff0000;\">CONVOCATORIA CERRADA<\/span><\/strong><\/p>\n<p><strong><span style=\"font-family: arial, sans-serif; color: #ff6600;\">Profesorado de Educaci\u00f3n Inicial SEDE<\/span><\/strong><\/p>\n<ul>\n<li><span style=\"color: #000000;\"><span style=\"font-family: arial, sans-serif;\">Espacio curricular:<b>\u00a0<\/b><\/span><span style=\"font-family: arial, sans-serif;\"><strong>Ciencias Naturales y su Did\u00e1ctica<\/strong><\/span><\/span><\/li>\n<li><span style=\"color: #000000;\"><span style=\"font-family: arial, sans-serif;\">C\u00f3digo:\u00a0A76826\u00a0\u2013 <strong>4 horas\u00a0c\u00e1tedras<\/strong><\/span><\/span><\/li>\n<li><span style=\"color: #000000; font-family: arial, sans-serif;\">Curso y divisi\u00f3n:<strong>\u00a02\u00b0\u00a0a\u00f1o Div. A<\/strong><\/span><\/li>\n<li><span style=\"color: #000000; font-family: arial, sans-serif;\">Car\u00e1cter:\u00a0<strong>Interino a t\u00e9rmino<\/strong><\/span><\/li>\n<li><span style=\"color: #000000; font-family: arial, sans-serif;\">D\u00edas y horarios de desempe\u00f1o:\u00a0<b>Lunes de 20:10 a 20:50 y de 21 a 21:40 Jueves de 18 a 18:40 y de 18:40 a 19:20<\/b><\/span><\/li>\n<li><span style=\"color: #000000; font-family: arial, sans-serif;\">Causal de la vacante:\u00a0<strong>Apertura<\/strong><\/span><\/li>\n<\/ul>\n<div><em><span style=\"color: #000000; font-family: arial, sans-serif;\"><span style=\"font-size: large;\">FECHA DE AUTORIZACI\u00d3N: desde el 20 al 24 de mayo de 2021 inclusive<\/span><\/span><\/em><\/div>\n<div><strong><span style=\"color: #ff0000;\">CONVOCATORIA CERRADA<\/span><\/strong><\/div>\n<div><span style=\"font-family: arial, sans-serif;\">\u00a0<\/span><\/div>\n<div><span style=\"color: #000000; font-family: arial, sans-serif;\">&#8212;&#8212;&#8212;&#8212;&#8212;&#8212;&#8212;&#8212;&#8212;&#8212;&#8212;&#8212;&#8212;&#8212;&#8212;&#8212;&#8212;&#8212;&#8212;&#8212;&#8212;&#8212;&#8212;&#8212;&#8212;&#8212;&#8212;&#8212;&#8212;&#8212;&#8212;&#8212;&#8212;&#8212;&#8212;&#8212;&#8212;&#8212;&#8212;&#8212;&#8212;&#8212;&#8212;&#8211;<\/span><\/div>\n<div><strong><span style=\"font-family: arial, sans-serif; color: #ff6600;\">Profesorado de Educaci\u00f3n Inicial SEDE<\/span><\/strong><\/div>\n<ul>\n<li><span style=\"font-family: arial, sans-serif;\"><span style=\"color: #3a3a3a;\">Espacio curricular:\u00a0<\/span><b>Educaci\u00f3n Art\u00edstica: Pl\u00e1stica<\/b><\/span><\/li>\n<li><span style=\"font-family: arial, sans-serif;\">C\u00f3digo:\u00a0A76828<b>\u00a0\u00a0\u2013 3 horas\u00a0c\u00e1tedras\u00a0<\/b><\/span><\/li>\n<li><span style=\"font-family: arial, sans-serif;\">Curso y divisi\u00f3n:\u00a0<b>2\u00b0<\/b><strong>\u00a0a\u00f1o Div. A<\/strong><\/span><\/li>\n<li><span style=\"font-family: arial, sans-serif;\">Car\u00e1cter:\u00a0<strong>Interino a t\u00e9rmino<\/strong><\/span><\/li>\n<li><span style=\"font-family: arial, sans-serif;\">D\u00edas y horarios de desempe\u00f1o:\u00a0<b>Viernes de\u00a0<\/b>\u00a0<b>19:30 a 20:10<\/b><b>, de 20:10 a 20:50, de 21:00 a 21:40 hs.<\/b><\/span><\/li>\n<li><span style=\"font-family: arial, sans-serif;\">Causal de la vacante:\u00a0<strong>Apertura<\/strong><\/span><\/li>\n<\/ul>\n<div><em><span style=\"color: #000000; font-family: arial, sans-serif;\"><span style=\"font-size: large;\">FECHA DE AUTORIZACI\u00d3N: desde el 20 al 24 de mayo de 2021 inclusive<\/span><\/span><\/em><\/div>\n<div><strong><span style=\"color: #ff0000;\">CONVOCATORIA CERRADA<\/span><\/strong><\/div>\n<p>&#8212;&#8212;&#8212;&#8212;&#8212;&#8212;&#8212;&#8212;&#8212;&#8212;&#8212;&#8212;&#8212;&#8212;&#8212;&#8212;&#8212;&#8212;&#8212;&#8212;&#8212;&#8212;&#8212;&#8212;&#8212;&#8212;&#8212;&#8212;&#8212;&#8212;&#8212;&#8212;&#8212;&#8212;&#8212;&#8212;&#8212;&#8212;&#8212;&#8212;&#8212;&#8212;&#8212;&#8211;<\/p>\n<p><span style=\"font-family: arial, sans-serif;\"><strong><span style=\"color: #993366;\">Profesorado de Educaci\u00f3n Primaria Anexo- Extensi\u00f3n \u00c1ulica Villa Santa Rosa\u00a0<\/span><\/strong><\/span><\/p>\n<ul>\n<li><span style=\"color: #000000;\"><span style=\"font-family: arial, sans-serif;\">Espacio curricular:\u00a0<\/span><b><span style=\"font-family: arial, sans-serif;\">TIC y la Ense\u00f1anza en el Nivel Primario\u00a0 <\/span><\/b><\/span><\/li>\n<li><span style=\"color: #000000;\"><span style=\"font-family: arial, sans-serif;\">C\u00f3digo:A77265\u00a0 \u2013<\/span><b><span style=\"font-family: arial, sans-serif;\"> 2 horas\u00a0c\u00e1tedras\u00a0.<\/span><\/b><\/span><\/li>\n<li><span style=\"color: #000000; font-family: arial, sans-serif;\">Curso y divisi\u00f3n:\u00a0<strong>3er.\u00a0a\u00f1o Div. C<\/strong><\/span><\/li>\n<li><span style=\"color: #000000; font-family: arial, sans-serif;\">Car\u00e1cter:\u00a0<strong>Interino a t\u00e9rmino<\/strong><\/span><\/li>\n<li><span style=\"color: #000000; font-family: arial, sans-serif;\">D\u00edas y horarios de desempe\u00f1o:\u00a0<b>Lunes de 11:40 a 12:20 y de 12:20 a 13:10 hs.<\/b><\/span><\/li>\n<li><span style=\"color: #000000; font-family: arial, sans-serif;\">Causal de la vacante:\u00a0<strong>Apertura\u00a0<\/strong><\/span><\/li>\n<\/ul>\n<div><span style=\"color: #000000; font-family: arial, sans-serif;\"><em><span style=\"font-size: large;\">FECHA DE AUTORIZACI\u00d3N: desde el 20 al 24 de mayo de 2021 inclusive<\/span><\/em><\/span><\/div>\n<div><span style=\"color: #000000; font-family: arial, sans-serif;\">\u00a0<strong><span style=\"color: #ff0000;\">CONVOCATORIA CERRADA<\/span><\/strong><\/span><\/div>\n<div><span style=\"color: #000000; font-family: arial, sans-serif;\">&#8212;&#8212;&#8212;&#8212;&#8212;&#8212;&#8212;&#8212;&#8212;&#8212;&#8212;&#8212;&#8212;&#8212;&#8212;&#8212;&#8212;&#8212;&#8212;&#8212;&#8212;&#8212;&#8212;&#8212;&#8212;&#8212;&#8212;&#8212;&#8212;&#8212;&#8212;&#8212;&#8212;&#8212;&#8212;&#8212;&#8212;&#8212;&#8212;&#8212;&#8212;&#8212;&#8212;&#8211;<\/span><\/div>\n<div><\/div>\n<div><span style=\"color: #ff0000;\"><strong>Profesorado de Educaci\u00f3n Secundaria en Matem\u00e1tica<\/strong><\/span><\/div>\n<ul>\n<li><span style=\"color: #3a3a3a;\">Espacio curricular:\u00a0<\/span> <b><span style=\"font-family: arial, sans-serif;\">Lenguaje Digital y Audiovisual<span style=\"color: #000000;\">\u00a0<\/span><\/span><\/b><\/li>\n<li><span style=\"font-family: arial, sans-serif;\"><span style=\"color: #000000;\">C\u00f3digo:\u00a0<\/span>A76039<\/span><span style=\"font-family: arial, sans-serif;\"><span style=\"color: #000000;\">\u00a0\u2013<\/span><\/span><b><span style=\"font-family: arial, sans-serif;\"><span style=\"color: #000000;\"> 2 horas\u00a0c\u00e1tedras\u00a0<\/span><\/span><\/b><\/li>\n<li>Curso y divisi\u00f3n:\u00a0<strong>1er.\u00a0a\u00f1o div. A<\/strong><\/li>\n<li>Car\u00e1cter:\u00a0<strong>Interino a t\u00e9rmino<\/strong><\/li>\n<li>D\u00edas y horarios de desempe\u00f1o:\u00a0<b>Martes de 21:40 a 22:20 y de 22:20 a 23 hs.<\/b><\/li>\n<li>Causal de la vacante:\u00a0<strong>Apertura<\/strong><\/li>\n<\/ul>\n<p><span class=\"gmail_default\"><u><i>FECHA DE AUTORIZACI\u00d3N : desde el 17 al 19 de mayo de 2021<\/i><\/u><\/span><\/p>\n<p><strong><span style=\"color: #ff0000;\">CONVOCATORIA CERRADA<\/span><\/strong><\/p>\n<p><span style=\"color: #000000; font-family: arial, sans-serif;\">&#8212;&#8212;&#8212;&#8212;&#8212;&#8212;&#8212;&#8212;&#8212;&#8212;&#8212;&#8212;&#8212;&#8212;&#8212;&#8212;&#8212;&#8212;&#8212;&#8212;&#8212;&#8212;&#8212;&#8212;&#8212;&#8212;&#8212;&#8212;&#8212;&#8212;&#8212;&#8212;&#8212;&#8212;&#8212;&#8212;&#8212;&#8212;&#8212;&#8212;&#8212;&#8212;&#8212;&#8211;<\/span><\/p>\n<p><span style=\"color: #ff6600;\"><strong>Profesorado de Educaci\u00f3n Inicial SEDE<\/strong><\/span><\/p>\n<ul>\n<li><span style=\"color: #000000; font-family: arial, sans-serif;\">Espacio curricular:\u00a0<b>Desarrollo del Pensamiento Matem\u00e1tico<\/b><\/span><\/li>\n<li><span style=\"color: #000000; font-family: arial, sans-serif;\">C\u00f3digo:\u00a0\u00a0A76824 \u2013<b> 4 horas\u00a0c\u00e1tedras\u00a0<\/b><\/span><\/li>\n<li><span style=\"color: #000000;\">Curso y divisi\u00f3n:\u00a0<strong>2er.\u00a0a\u00f1o Div. A<\/strong><\/span><\/li>\n<li><span style=\"color: #000000;\">Car\u00e1cter:\u00a0<strong>Interino a t\u00e9rmino<\/strong><\/span><\/li>\n<li><span style=\"color: #000000;\">D\u00edas y horarios de desempe\u00f1o: <strong>Lunes de 21:40 a 22:20 y de 22.20 a 23 hs. Jueves de 19:30 a 20:10 y de 20.10 a 20:50 hs.<\/strong><b><\/b><\/span><\/li>\n<li><span style=\"color: #000000;\">Causal de la vacante:\u00a0<strong>Apertura<\/strong><\/span><\/li>\n<\/ul>\n<p><b><i><u>FECHA DE AUTORIZACI\u00d3N : desde el 17 al 19 de mayo de 2021\u00a0\u00a0<span style=\"color: #000000;\"><br \/>\n<\/span><\/u><\/i><\/b><\/p>\n<p><strong><span style=\"color: #ff0000;\">CONVOCATORIA CERRADA<\/span><\/strong><\/p>\n<p><span style=\"color: #000000; font-family: arial, sans-serif;\">&#8212;&#8212;&#8212;&#8212;&#8212;&#8212;&#8212;&#8212;&#8212;&#8212;&#8212;&#8212;&#8212;&#8212;&#8212;&#8212;&#8212;&#8212;&#8212;&#8212;&#8212;&#8212;&#8212;&#8212;&#8212;&#8212;&#8212;&#8212;&#8212;&#8212;&#8212;&#8212;&#8212;&#8212;&#8212;&#8212;&#8212;&#8212;&#8212;&#8212;&#8212;&#8212;&#8212;&#8211;<\/span><\/p>\n<p><span style=\"font-family: arial, sans-serif;\"><strong><span style=\"color: #993366;\">Profesorado de Educaci\u00f3n Primaria Anexo- Extensi\u00f3n \u00c1ulica Villa Santa Rosa<\/span><\/strong><\/span><\/p>\n<ul>\n<li><span style=\"font-family: arial, sans-serif;\"><span style=\"color: #3a3a3a;\">Espacio curricular:\u00a0<\/span><b>Alfabetizaci\u00f3n Inicial<span style=\"color: #3a3a3a;\">\u00a0<\/span><\/b><\/span><\/li>\n<li><span style=\"font-family: arial, sans-serif;\">C\u00f3digo:\u00a0A77260 \u2013<b> 3 horas\u00a0c\u00e1tedras<\/b><\/span><\/li>\n<li>Curso y divisi\u00f3n:\u00a03er.\u00a0a\u00f1o Div. C<\/li>\n<li>Car\u00e1cter:\u00a0<strong>Interino a t\u00e9rmino<\/strong><\/li>\n<li><span style=\"color: #3a3a3a;\">D<\/span><span style=\"color: #000000;\">\u00edas y horarios de desempe\u00f1o:\u00a0<b>Viernes de 8:00 a 8:40; de 8:40 a 9:20; de 9:30 a 10:10 y de 12:20 a 13:00 hs.<\/b><\/span><\/li>\n<li>Causal de la vacante:\u00a0<strong>Apertura<\/strong><\/li>\n<\/ul>\n<p><i><b><u><span style=\"font-size: large;\">FECHA DE AUTORIZACI\u00d3N : desde el 17 al 19 de mayo de 2021\u00a0 \u00a0<\/span><\/u><\/b>\u00a0<\/i><\/p>\n<p><strong><span style=\"color: #ff0000;\">CONVOCATORIA CERRADA<\/span><\/strong><\/p>\n<p>&nbsp;<\/p>\n<h1 style=\"text-align: center;\"><span style=\"font-weight: 400;\"><span style=\"text-decoration: underline;\">Nuevo procedimiento para la cobertura de horas c\u00e1tedras vacantes<\/span>\u00a0<\/span><\/h1>\n<h2 style=\"text-align: center;\"><span style=\"font-weight: 400;\">(<\/span><a href=\"https:\/\/isfdtrettel-cba.infd.edu.ar\/sitio\/wp-content\/uploads\/2020\/06\/RESOL.-MIN.-194-20.pdf\">y su ampliatoria Res. Ministerial N\u00b0 96 \/2021 RESOL.-MIN.-194-20\u00a0<\/a><span style=\"font-weight: 400;\">)<\/span><\/h2>\n<p>&nbsp;<\/p>\n<p><span style=\"font-weight: 400;\">Vigencia de la publicaci\u00f3n <\/span><b>3 (tres) d\u00edas h\u00e1biles<\/b><\/p>\n<p>&nbsp;<\/p>\n<ul>\n<li aria-level=\"1\"><b>POSTULANTES:\u00a0<\/b><\/li>\n<\/ul>\n<p><span style=\"font-weight: 400;\">Una vez realizada la Convocatoria el aspirante deber\u00e1, con<\/span><b> car\u00e1cter de\u00a0<\/b><b>Declaraci\u00f3n Jurada<\/b><span style=\"font-weight: 400;\">:\u00a0\u00a0<\/span><\/p>\n<ol>\n<li style=\"font-weight: 400;\" aria-level=\"2\"><span style=\"font-weight: 400;\">Confeccionar el Curriculum Vitae (CV) seg\u00fan formato online (disponible en la secci\u00f3n Convocatorias del sitio web de la DGES \u2013 http:\/\/dges-cba.edu.ar\/wp)\u00a0 y el Proyecto de ense\u00f1anza del espacio curricular.\u00a0<\/span><\/li>\n<li style=\"font-weight: 400;\" aria-level=\"2\"><span style=\"font-weight: 400;\">Completar el formulario de inscripci\u00f3n online que se encuentra en la secci\u00f3n \u201cConvocatorias\u201d de la p\u00e1gina web de la Direcci\u00f3n General de Educaci\u00f3n Superior por cada Unidad Curricular (UC) y\/ o Espacio Curricular (EC) en que se inscriba.\u00a0<\/span><\/li>\n<li style=\"font-weight: 400;\" aria-level=\"2\"><span style=\"font-weight: 400;\">\u00a0Una vez\u00a0 completado el\u00a0 punto 1.1; dentro\u00a0 de los tiempos establecidos y hasta la primera hora del d\u00eda h\u00e1bil posterior al cierre de la inscripci\u00f3n, el aspirante cargar\u00e1 su Curriculum\u00a0 Vitae (CV) completo\u00a0 y el Proyecto,\u00a0 todo en PDF<\/span><\/li>\n<\/ol>\n<p><span style=\"font-weight: 400;\">1.4\u00a0 La documentaci\u00f3n que el aspirante incorpore, (foto o documentos escaneados) deber\u00e1 ser en forma clara,\u00a0 legible,\u00a0 ordenada y conteniendo lo siguiente:\u00a0<\/span><\/p>\n<ol>\n<li style=\"font-weight: 400;\" aria-level=\"3\"><span style=\"font-weight: 400;\">CV nominativo seg\u00fan formato correspondiente.\u00a0<\/span><\/li>\n<li style=\"font-weight: 400;\" aria-level=\"3\"><span style=\"font-weight: 400;\">DNI.\u00a0<\/span><\/li>\n<li style=\"font-weight: 400;\" aria-level=\"3\"><span style=\"font-weight: 400;\">T\u00edtulo\/s completos, Pos t\u00edtulos, Certificados de capacitaci\u00f3n, Certificados de antecedentes laborales y profesionales y <\/span><b>Constancia de Servicios<\/b><span style=\"font-weight: 400;\"> actualizada.\u00a0<\/span><\/li>\n<\/ol>\n<p>&nbsp;<\/p>\n<p><span style=\"font-weight: 400;\">Es importante recordar que la documentaci\u00f3n exigida es la <\/span><b>\u201cConstancia de Servicios<\/b><span style=\"font-weight: 400;\">\u201d y <\/span><b>no la Historia Laboral<\/b><span style=\"font-weight: 400;\">. Se trata de dos documentaciones distintas, no son equivalentes. Recomendamos poner mucha atenci\u00f3n al momento de completar la documentaci\u00f3n.<\/span><\/p>\n<p>&nbsp;<\/p>\n<p><span style=\"font-weight: 400;\">1.5 El Proyecto de abordaje del Espacio Curricular \u2013en versi\u00f3n PDF \u2013 deber\u00e1 contemplar la modalidad combinada, &#8211; presencialidad y virtualidad \u2013 asumiendo el compromiso de la presencialidad seg\u00fan corresponda por el Espacio Curricular y\/o por razones institucionales. (Extensi\u00f3n m\u00e1xima: 7 p\u00e1ginas).<\/span><\/p>\n<p><span style=\"font-weight: 400;\">1.6 El comprobante v\u00e1lido ser\u00e1 el que genere el sistema al finalizar el proceso de Inscripci\u00f3n. <\/span><b>Ser\u00e1 considerado como \u00fanico comprobante v\u00e1lido de la inscripci\u00f3n y de la documentaci\u00f3n presentada por el aspirante<\/b><span style=\"font-weight: 400;\">.\u00a0<\/span><\/p>\n<p><span style=\"font-weight: 400;\">\u00a01.7<\/span><b>\u00a0 Es importante que el\u00a0 aspirante conozca\u00a0 y acepte\u00a0 las condiciones fijadas por el presente procedimiento.\u00a0<\/b><\/p>\n<p><span style=\"font-weight: 400;\">\u00a0(<\/span><strong><a href=\"mailto:reneetrettel@gmail.com\">consejoinstitucionalt@gmail.com<\/a><\/strong><span style=\"font-weight: 400;\">)<\/span><\/p>\n<p><span style=\"font-weight: 400;\">Durante el per\u00edodo de publicaci\u00f3n y hasta el d\u00eda h\u00e1bil posterior de la finalizaci\u00f3n de la misma, los aspirantes deber\u00e1n remitir correo electr\u00f3nico a la instituci\u00f3n correspondiente, <\/span><b>aceptando el ofrecimiento<\/b><span style=\"font-weight: 400;\">. Caso contrario, se considerar\u00e1 que ha desistido del mismo.\u00a0<\/span><\/p>\n<p><strong>Dise\u00f1os Curriculares:\u00a0<\/strong><a href=\"https:\/\/dges-cba.infd.edu.ar\/sitio\/curriculares\/upload\/Disenio_Curr_Primaria_Inicial_2015.pdf\">Dise\u00f1o Curricular Primaria Inicial<\/a><\/p>\n<p><a href=\"https:\/\/dges-cba.infd.edu.ar\/sitio\/curriculares\/upload\/DCurricular_Matem-_2015.pdf\">Dise\u00f1o Curricular Educaci\u00f3n Secundaria en Matem\u00e1tica<\/a><\/p>\n<p>&nbsp;<\/p>\n<p style=\"text-align: center;\"><strong>&#8212;&#8212;&#8212;&#8212;&#8212;&#8212;&#8212;&#8212;&#8212;&#8212;&#8212;&#8212;&#8212;&#8212;&#8212;&#8212;&#8212;&#8212;&#8212;&#8212;&#8212;&#8212;&#8212;&#8212;&#8212;&#8212;&#8212;&#8212;&#8212;&#8212;&#8212;&#8212;&#8212;&#8212;&#8212;&#8212;&#8212;&#8212;&#8212;&#8212;&#8212;&#8212;&#8212;&#8212;&#8211;<\/strong><\/p>\n<p>&nbsp;<\/p>\n","protected":false},"excerpt":{"rendered":"<p>Profesorado de Educaci\u00f3n Secundaria en Matem\u00e1tica. Sede Espacio curricular:\u00a0 Pr\u00e1ctica Docente I: Contextos y Pr\u00e1cticas Educativas\u2013 C\u00f3digo:\u00a0A76041\u00a0 \u2013 4 horas\u00a0c\u00e1tedras\u00a0. Curso y divisi\u00f3n:\u00a01er.\u00a0a\u00f1o div. A\u00a0 Car\u00e1cter:\u00a0Interino a t\u00e9rmino D\u00edas y horarios de desempe\u00f1o:\u00a0Viernes de 20:10 a 20:50, de 21 a 21.40, de 21:40 a 22:20 y de 22:20 a 23 hs. Causal de la vacante:\u00a0Apertura &#8230; <a title=\"CONVOCATORIAS HORAS C\u00c1TEDRAS VACANTES\" class=\"read-more\" href=\"https:\/\/isfdtrettel-cba.infd.edu.ar\/sitio\/convocatorias-horas-catedra\/\" aria-label=\"More on CONVOCATORIAS HORAS C\u00c1TEDRAS VACANTES\">[+]<\/a><\/p>\n","protected":false},"author":332,"featured_media":0,"parent":0,"menu_order":0,"comment_status":"closed","ping_status":"closed","template":"","meta":[],"acf":[],"_links":{"self":[{"href":"https:\/\/isfdtrettel-cba.infd.edu.ar\/sitio\/wp-json\/wp\/v2\/pages\/1230"}],"collection":[{"href":"https:\/\/isfdtrettel-cba.infd.edu.ar\/sitio\/wp-json\/wp\/v2\/pages"}],"about":[{"href":"https:\/\/isfdtrettel-cba.infd.edu.ar\/sitio\/wp-json\/wp\/v2\/types\/page"}],"author":[{"embeddable":true,"href":"https:\/\/isfdtrettel-cba.infd.edu.ar\/sitio\/wp-json\/wp\/v2\/users\/332"}],"replies":[{"embeddable":true,"href":"https:\/\/isfdtrettel-cba.infd.edu.ar\/sitio\/wp-json\/wp\/v2\/comments?post=1230"}],"version-history":[{"count":79,"href":"https:\/\/isfdtrettel-cba.infd.edu.ar\/sitio\/wp-json\/wp\/v2\/pages\/1230\/revisions"}],"predecessor-version":[{"id":1533,"href":"https:\/\/isfdtrettel-cba.infd.edu.ar\/sitio\/wp-json\/wp\/v2\/pages\/1230\/revisions\/1533"}],"wp:attachment":[{"href":"https:\/\/isfdtrettel-cba.infd.edu.ar\/sitio\/wp-json\/wp\/v2\/media?parent=1230"}],"curies":[{"name":"wp","href":"https:\/\/api.w.org\/{rel}","templated":true}]}}