{"id":1888,"date":"2023-10-26T18:21:27","date_gmt":"2023-10-26T21:21:27","guid":{"rendered":"https:\/\/isfdtrettel-cba.infd.edu.ar\/sitio\/?page_id=1888"},"modified":"2026-03-20T15:04:17","modified_gmt":"2026-03-20T18:04:17","slug":"informacion-para-estudiantes-2","status":"publish","type":"page","link":"https:\/\/isfdtrettel-cba.infd.edu.ar\/sitio\/informacion-para-estudiantes-2\/","title":{"rendered":"Informaci\u00f3n para Estudiantes"},"content":{"rendered":"\n<p class=\"has-text-color has-medium-font-size\" style=\"color:#226225\">                          N<strong>uestro edificio<\/strong>, m\u00e1s informaci\u00f3n <a rel=\"noreferrer noopener\" href=\"https:\/\/isfdtrettel-cba.infd.edu.ar\/sitio\/noticias-del-instituto\/\" target=\"_blank\">Aqu\u00ed<\/a><\/p>\n\n\n\n<p class=\"has-text-align-center has-contrast-color has-pale-ocean-gradient-background has-text-color has-background has-medium-font-size\" style=\"border-width:12px\"><strong>ATENCI\u00d3N!!!!!!! LA INSCRIPCION A CURSOS SUPERIORES SE REALIZARA DEL 04\/03 AL 10\/03 EN EL HORARIO DE 15:00 A 21:00 HORAS ES PRESENCIAL Y DEBEN PRESENTAR LA LIBRETA  !!!!!! <\/strong><\/p>\n\n\n\n<p class=\"has-text-align-center has-contrast-color has-pale-ocean-gradient-background has-text-color has-background has-medium-font-size\" style=\"border-width:12px\"><strong>ATENCI\u00d3N!!!!!!! LEER DETENIDAMENTE EL NUEVO RAM RESOLUCION 298\/25 RESPECTO DE LAS CONDICIONES ACADEMICAS DE CURSADO Y APROBACION DE LOS ESPACIOS CURRICULARES  <\/strong> <\/p>\n\n\n\n<div class=\"wp-block-file\"><object class=\"wp-block-file__embed\" data=\"https:\/\/isfdtrettel-cba.infd.edu.ar\/sitio\/wp-content\/uploads\/2026\/03\/RM_298-2025_RAM.pdf\" type=\"application\/pdf\" style=\"width:100%;height:600px\" aria-label=\"Incrustado de RM_298-2025_RAM.\"><\/object><a id=\"wp-block-file--media-f38a9e4a-92c2-4109-a08b-4932fbd11d46\" href=\"https:\/\/isfdtrettel-cba.infd.edu.ar\/sitio\/wp-content\/uploads\/2026\/03\/RM_298-2025_RAM.pdf\">RM_298-2025_RAM<\/a><a href=\"https:\/\/isfdtrettel-cba.infd.edu.ar\/sitio\/wp-content\/uploads\/2026\/03\/RM_298-2025_RAM.pdf\" class=\"wp-block-file__button wp-element-button\" download aria-describedby=\"wp-block-file--media-f38a9e4a-92c2-4109-a08b-4932fbd11d46\">Descarga<\/a><\/div>\n\n\n\n<figure class=\"wp-block-pullquote has-background has-medium-font-size\" style=\"border-width:8px;background:linear-gradient(50deg,rgb(255,245,203) 0%,rgb(182,227,212) 50%,rgb(51,167,181) 100%)\"><blockquote><p><strong>HORARIOS 2026<\/strong><br><br><a href=\"https:\/\/docs.google.com\/document\/d\/1wusokCJRjrDl8PG4RoviIutgRf_Z-MNr\/edit?usp=sharing&amp;ouid=100919828288933334012&amp;rtpof=true&amp;sd=true\">SEDE HORARIO PEP 2026<\/a><br><br><a href=\"https:\/\/docs.google.com\/document\/d\/1z6YPrH0nCN5Roe9iOyKUqXMFmPsIRtYx\/edit?usp=sharing&amp;ouid=100919828288933334012&amp;rtpof=true&amp;sd=true\">SEDE HORARIO PEI 2026<\/a><br><br><a href=\"https:\/\/docs.google.com\/document\/d\/1WWVuQlxLjqCW16v2wwwhEgdZGmjkIfDd\/edit?usp=sharing&amp;ouid=100919828288933334012&amp;rtpof=true&amp;sd=true\">SEDE HORARIO PESM 2026<\/a><br><br><a href=\"https:\/\/docs.google.com\/document\/d\/1-XEIGKXvA5eUUWSmZYwwFGN9vVx8vu72\/edit?usp=sharing&amp;ouid=100919828288933334012&amp;rtpof=true&amp;sd=true\">ANEXO HORARIO PEP 2026<\/a><br><br><a href=\"https:\/\/docs.google.com\/document\/d\/1tH-YMYJWI0BS8ciYM-7rTW3iidPz7GkA\/edit?usp=sharing&amp;ouid=100919828288933334012&amp;rtpof=true&amp;sd=true\">ANEXO HORARIO PEI 2026<\/a>&nbsp;&nbsp;&nbsp;&nbsp;<br><\/p><\/blockquote><\/figure>\n\n\n\n<p class=\"has-text-align-center has-contrast-color has-pale-ocean-gradient-background has-text-color has-background has-medium-font-size\" style=\"border-width:12px\"><strong>HORARIO DE LUDOTECA DE LUNES A VIERNES DE 18:15 A 22:15 HORAS<\/strong> <\/p>\n\n\n\n<p class=\"has-text-align-center has-contrast-color has-pale-ocean-gradient-background has-text-color has-background has-medium-font-size\" style=\"border-width:12px\"><strong>ATENCI\u00d3N!!!!!!!  Fechas <\/strong><a rel=\"noreferrer noopener\" href=\"https:\/\/docs.google.com\/spreadsheets\/d\/1TpFY2X-j--IjagTcMCISyTk2fENk3__AVmZIHNELXUs\/edit?usp=sharing\" data-type=\"URL\" data-id=\"https:\/\/docs.google.com\/spreadsheets\/d\/1TpFY2X-j--IjagTcMCISyTk2fENk3__AVmZIHNELXUs\/edit?usp=sharing\" target=\"_blank\">Mesas de examen Febrero\/Marzo 2026<\/a><\/p>\n\n\n\n<pre class=\"wp-block-code has-medium-font-size\"><code><figure class=\"wp-block-pullquote has-border-color has-contrast-border-color has-pale-ocean-gradient-background has-background\" style=\"border-style:dashed\"><blockquote><p><strong><u>DOCUMETACI\u00d3N A PRESENTAR PARA LA INSCRIPCI\u00d3N <\/u><\/strong><\/p><\/blockquote><\/figure><\/code><\/pre>\n\n\n\n<pre class=\"wp-block-code has-medium-font-size\"><code><figure class=\"wp-block-pullquote has-border-color has-contrast-border-color has-pale-ocean-gradient-background has-background\" style=\"border-style:dashed\"><blockquote><p><strong><u>CERTIFICADO DE NO INSCRIPCI\u00d3N AL REGISTRO PROVINCIAL DE PERSONAS CONDENADAS POR DELITOS CONTRA LA INTEGRIDAD SEXUAL (LEY 9680)<\/u><\/strong><\/p><cite>A continuaci\u00f3n encontraran un video explicando el procedimiento que deben realizar los y las estudiantes para obtener el <strong>CERTIFICADO<\/strong> <strong><em>DE NO INSCRIPCI\u00d3N AL REGISTRO<\/em>&nbsp;PROVINCIAL DE&nbsp;<em>PERSONAS CONDENADAS POR DELITOS<\/em>&nbsp;CONTRA LA INTEGRIDAD&nbsp;<em>SEXUAL<\/em>&nbsp;(LEY 9680)<\/strong>, para las Pr\u00e1cticas 2026 (debe tener fecha del mismo a\u00f1o lectivo).\n<\/cite><\/blockquote><\/figure><\/code><\/pre>\n\n\n\n<figure class=\"wp-block-pullquote has-contrast-color has-pale-ocean-gradient-background has-text-color has-background has-medium-font-size\"><blockquote><p><strong>RECONOCIMIENTO DE SABERES 2026<\/strong><\/p><cite>Resoluci\u00f3n 0001\/2025<\/cite><\/blockquote><\/figure>\n\n\n\n<div class=\"wp-block-file\"><object class=\"wp-block-file__embed\" data=\"https:\/\/isfdtrettel-cba.infd.edu.ar\/sitio\/wp-content\/uploads\/2025\/04\/Res-01-2024-CONJUNTA-TECNICA-Y-PRIVADA-Aprobar-instrumento-de-reconocimiento-de-saberes-1_compressed.pdf\" type=\"application\/pdf\" style=\"width:100%;height:600px\" aria-label=\"Incrustado de Res-01-2024-CONJUNTA-TECNICA-Y-PRIVADA-Aprobar-instrumento-de-reconocimiento-de-saberes-1_compressed.\"><\/object><a id=\"wp-block-file--media-1ece7499-982a-4991-9cd3-899a16e26cb5\" href=\"https:\/\/isfdtrettel-cba.infd.edu.ar\/sitio\/wp-content\/uploads\/2025\/04\/Res-01-2024-CONJUNTA-TECNICA-Y-PRIVADA-Aprobar-instrumento-de-reconocimiento-de-saberes-1_compressed.pdf\">Res-01-2024-CONJUNTA-TECNICA-Y-PRIVADA-Aprobar-instrumento-de-reconocimiento-de-saberes-1_compressed<\/a><a href=\"https:\/\/isfdtrettel-cba.infd.edu.ar\/sitio\/wp-content\/uploads\/2025\/04\/Res-01-2024-CONJUNTA-TECNICA-Y-PRIVADA-Aprobar-instrumento-de-reconocimiento-de-saberes-1_compressed.pdf\" class=\"wp-block-file__button wp-element-button\" download aria-describedby=\"wp-block-file--media-1ece7499-982a-4991-9cd3-899a16e26cb5\"><\/a><\/div>\n\n\n\n<p><\/p>\n\n\n\n<p><\/p>\n\n\n\n<p class=\"has-text-align-center\"><iframe loading=\"lazy\" width=\"560\" height=\"315\" src=\"https:\/\/www.youtube.com\/embed\/Xjw3Y-xKoOo?si=fLMB-jtrtfXHRl1G\" title=\"YouTube video player\" frameborder=\"0\" allow=\"accelerometer; autoplay; clipboard-write; encrypted-media; gyroscope; picture-in-picture; web-share\" referrerpolicy=\"strict-origin-when-cross-origin\" allowfullscreen=\"\"><\/iframe><\/p>\n\n\n\n<figure class=\"wp-block-pullquote has-background\" style=\"border-width:8px;background:linear-gradient(355deg,rgb(255,245,203) 0%,rgb(182,227,212) 50%,rgb(51,167,181) 100%)\"><blockquote><p><strong>PLANES DE ESTUDIO Y CORRELATIVIDADES<\/strong><br><br>Recuerden que pueden ver cada plan de estudios y sus respectivas correlatividades (al final de cada plan de estudios):<br><br>* <a href=\"https:\/\/isfdtrettel-cba.infd.edu.ar\/sitio\/plan-de-estudios\/\">Profesorado de Educaci\u00f3n Primaria<\/a><br>* <a href=\"https:\/\/isfdtrettel-cba.infd.edu.ar\/sitio\/plan-de-estudios-3\/\">Profesorado de Educaci\u00f3n Inicial<\/a><br>* <a href=\"https:\/\/isfdtrettel-cba.infd.edu.ar\/sitio\/plan-de-estudios-4\/\">Profesorado de Educaci\u00f3n Secundario en Matem\u00e1tica<\/a><\/p><\/blockquote><\/figure>\n\n\n\n<blockquote class=\"wp-block-quote\">\n<blockquote class=\"wp-block-quote\">\n<figure class=\"wp-block-pullquote has-border-color has-contrast-border-color has-background has-medium-font-size\" style=\"border-width:5px;background:linear-gradient(180deg,rgb(255,245,203) 0%,rgb(182,227,212) 50%,rgb(51,167,181) 100%)\"><blockquote><p><strong>LA CURSADA<\/strong><br>En el <strong>ciclo lectivo 2026<\/strong> la modalidad combinada se organizar\u00e1 de la siguiente manera:<br>Una semana presencial y una semana virtual -no presencial-<\/p><cite><cite><u><strong>Consideraciones para la asistencia de la cursada <\/strong><\/u><\/cite><br><cite>   <br><strong>R\u00e9gimen de asistencia<\/strong>: 75% de asistencia para Seminarios, Talleres o Asignaturas. Para los estudiantes Trabajadores el r\u00e9gimen de asistencia es de 50%.<br><\/cite><br><cite> <strong>Acreditaci\u00f3n: Asignaturas, Seminarios y Talleres<\/strong> se aprueban con 7 (siete) en la IEFI.  <\/cite>Si qued\u00e1s regular ten\u00e9s 7 turnos para acreditar, tambi\u00e9n los podes rendir libres excepto la Pr\u00e1ctica<cite> que tenes dos turnos<\/cite> para aprobarla diciembre y febrero.<\/cite><\/blockquote><\/figure>\n\n\n\n<figure class=\"wp-block-pullquote has-border-color has-contrast-border-color has-background has-medium-font-size\" style=\"border-width:5px;background:linear-gradient(180deg,rgb(255,245,203) 0%,rgb(182,227,212) 50%,rgb(51,167,181) 100%)\"><blockquote><p>RECUERDEN COMPLETAR EL CERTIFICADO UNICO DE SALUD<strong> con fecha 2026<\/strong><em> <\/em><em>ya que ser\u00e1 solicitado para realizar las pr\u00e1cticas docentes. <\/em><br><em>Completar Formulario&nbsp;<\/em><a href=\"https:\/\/isfdtrettel-cba.infd.edu.ar\/aula\/archivos\/repositorio\/250\/442\/CUS.pdf\">&nbsp;CUS<\/a><br><br>Certificado de <strong>Deudores Alimentarios Morosos<\/strong> https:\/\/registrocivil.cba.gov.ar\/consulta-automatica-deudores-alimentarios-morosos\/<\/p><\/blockquote><\/figure>\n<\/blockquote>\n<\/blockquote>\n\n\n\n<p><\/p>\n\n\n\n<div class=\"wp-block-columns is-layout-flex wp-container-2\">\n<div class=\"wp-block-column is-layout-flow\" style=\"flex-basis:100%\">\n<figure class=\"wp-block-pullquote has-border-color has-contrast-border-color has-background has-medium-font-size\" style=\"border-width:7px;background:linear-gradient(60deg,rgb(255,245,203) 0%,rgb(182,227,212) 50%,rgb(51,167,181) 100%)\"><blockquote><p><strong>CONTACTOS<\/strong><br><br>Para env\u00edo de <strong>documentaci\u00f3n<\/strong> y consultas sobre cursado escrib\u00ed a <strong>preceptoriatrettel@gmail.com <\/strong>  <strong> <\/strong><br>Horario de atenci\u00f3n:  15:00 a 21:00 horas<br>Tel\u00e9fono: <strong>0351 4251118<\/strong><\/p><\/blockquote><\/figure>\n<\/div>\n<\/div>\n","protected":false},"excerpt":{"rendered":"<p>Nuestro edificio, m\u00e1s informaci\u00f3n Aqu\u00ed ATENCI\u00d3N!!!!!!! LA INSCRIPCION A CURSOS SUPERIORES SE REALIZARA DEL 04\/03 AL 10\/03 EN EL HORARIO DE 15:00 A 21:00 HORAS ES PRESENCIAL Y DEBEN PRESENTAR LA LIBRETA !!!!!! ATENCI\u00d3N!!!!!!! LEER DETENIDAMENTE EL NUEVO RAM RESOLUCION 298\/25 RESPECTO DE LAS CONDICIONES ACADEMICAS DE CURSADO Y APROBACION DE LOS ESPACIOS CURRICULARES HORARIOS &#8230; <a title=\"Informaci\u00f3n para Estudiantes\" class=\"read-more\" href=\"https:\/\/isfdtrettel-cba.infd.edu.ar\/sitio\/informacion-para-estudiantes-2\/\" aria-label=\"More on Informaci\u00f3n para Estudiantes\">[+]<\/a><\/p>\n","protected":false},"author":332,"featured_media":0,"parent":0,"menu_order":0,"comment_status":"closed","ping_status":"closed","template":"","meta":[],"acf":[],"_links":{"self":[{"href":"https:\/\/isfdtrettel-cba.infd.edu.ar\/sitio\/wp-json\/wp\/v2\/pages\/1888"}],"collection":[{"href":"https:\/\/isfdtrettel-cba.infd.edu.ar\/sitio\/wp-json\/wp\/v2\/pages"}],"about":[{"href":"https:\/\/isfdtrettel-cba.infd.edu.ar\/sitio\/wp-json\/wp\/v2\/types\/page"}],"author":[{"embeddable":true,"href":"https:\/\/isfdtrettel-cba.infd.edu.ar\/sitio\/wp-json\/wp\/v2\/users\/332"}],"replies":[{"embeddable":true,"href":"https:\/\/isfdtrettel-cba.infd.edu.ar\/sitio\/wp-json\/wp\/v2\/comments?post=1888"}],"version-history":[{"count":146,"href":"https:\/\/isfdtrettel-cba.infd.edu.ar\/sitio\/wp-json\/wp\/v2\/pages\/1888\/revisions"}],"predecessor-version":[{"id":2905,"href":"https:\/\/isfdtrettel-cba.infd.edu.ar\/sitio\/wp-json\/wp\/v2\/pages\/1888\/revisions\/2905"}],"wp:attachment":[{"href":"https:\/\/isfdtrettel-cba.infd.edu.ar\/sitio\/wp-json\/wp\/v2\/media?parent=1888"}],"curies":[{"name":"wp","href":"https:\/\/api.w.org\/{rel}","templated":true}]}}