{"id":1957,"date":"2023-10-26T20:28:57","date_gmt":"2023-10-26T23:28:57","guid":{"rendered":"https:\/\/isfdtrettel-cba.infd.edu.ar\/sitio\/?page_id=1957"},"modified":"2026-03-09T10:46:56","modified_gmt":"2026-03-09T13:46:56","slug":"informacion-para-ingresantes","status":"publish","type":"page","link":"https:\/\/isfdtrettel-cba.infd.edu.ar\/sitio\/informacion-para-ingresantes\/","title":{"rendered":"INGRESO 2026"},"content":{"rendered":"\n<p><strong>L<\/strong>ES SOLICITAMOS LEER TODOS LOS PASOS QUE ESTAN PUBLICADOS EN ESTA P\u00c1GINA PARA REALIZAR LA PREINSCRIPCI\u00d3N <\/p>\n\n\n\n<figure class=\"wp-block-pullquote has-text-align-center has-contrast-color has-pale-ocean-gradient-background has-text-color has-background has-medium-font-size\" style=\"border-style:solid\"><blockquote><p><strong>SEMINARIO DE INGRESO 2026<\/strong><\/p><cite>Estimados Ingresantes:                                                                                                                                     <br><br>Se informa que<strong> a partir del lunes 2 de marzo <\/strong>comienza el Seminario de Ingreso <br><strong>Horario<\/strong> Sede de 16:00 a 21:00 horas<br><strong>Horario <\/strong>Anexo de 8:00 a 13:00 horas<br><br><strong>SEDE Direcci\u00f3n: <\/strong>Domuyo 3096 y Alianza Barrio Ampliaci\u00f3n Rosedal<br><strong>ANEXO Direcci\u00f3n:<\/strong> <strong>\u00a0<\/strong>V\u00e9lez Sarsfield 535. Villa Santa Rosa de Rio Primero<br><br>La <strong>modalidad de cursado <\/strong>es con <strong>modalidad combinada <\/strong>d\u00edas presenciales y d\u00edas virtuales sincr\u00f3nicos\/asincr\u00f3nicos<br> <br><strong>CRONOGRAMA \u201cSeminario de Ingreso al Nivel Superior (SIES)\u201d 2026<\/strong><br><br><strong>CRONOGRAMA<\/strong> <strong>SEDE <\/strong><br><a href=\"https:\/\/docs.google.com\/document\/d\/1pxa1nPp9fC1kij1Yd9QM1r4OQiNN44LG\/edit?usp=sharing&amp;ouid=100919828288933334012&amp;rtpof=true&amp;sd=true\">https:\/\/docs.google.com\/document\/d\/1pxa1nPp9fC1kij1Yd9QM1r4OQiNN44LG\/edit?usp=sharing&amp;ouid=100919828288933334012&amp;rtpof=true&amp;sd=true <\/a><br> <br><strong>CRONOGRAMA<\/strong> <strong>ANEXO<\/strong> <a href=\"https:\/\/docs.google.com\/document\/d\/1N4T57_n1MIBVc9aRQJwl0cLYA4WZaRML\/edit?usp=sharing&amp;ouid=100919828288933334012&amp;rtpof=true&amp;sd=true\">https:\/\/docs.google.com\/document\/d\/1N4T57_n1MIBVc9aRQJwl0cLYA4WZaRML\/edit?usp=sharing&amp;ouid=100919828288933334012&amp;rtpof=true&amp;sd=true <\/a><\/cite><\/blockquote><\/figure>\n\n\n\n<p><\/p>\n\n\n\n<p><\/p>\n\n\n\n<figure class=\"wp-block-pullquote has-text-align-center has-border-color has-contrast-border-color has-pale-ocean-gradient-background has-background has-medium-font-size\"><blockquote><p><strong>CONFIRMACI\u00d3N DE MATR\u00cdCULA <\/strong><\/p><cite><strong>A partir del lunes <mark style=\"background-color:rgba(0, 0, 0, 0)\" class=\"has-inline-color has-accent-color\">23 de febrero del 2026<\/mark> deber\u00e1s entregar presencialmente<\/strong> <br>la siguiente documentaci\u00f3n: <br><br>&#8211; <strong>Apto psicof\u00edsico con fecha 2026<\/strong>. Imprimir y completar <a href=\"https:\/\/www.cba.gov.ar\/wp-content\/uploads\/2025\/02\/CUS-2025-1.pdf\">CUS<\/a><br><br>&#8211; <strong>Certificado de NO INSCRIPCI\u00d3N AL REGISTRO PROVINCIAL DE PERSONAS CONDENADAS POR DELITOS CONTRA LA INTEGRIDAD SEXUAL (LEY 9680) con fecha 2026.<\/strong> <a href=\"https:\/\/isfdtrettel-cba.infd.edu.ar\/sitio\/informacion-para-estudiantes-2\/\" data-type=\"URL\" data-id=\"https:\/\/isfdtrettel-cba.infd.edu.ar\/sitio\/informacion-para-estudiantes-2\/\">https:\/\/isfdtrettel-cba.infd.edu.ar\/sitio\/informacion-para-estudiantes-2\/<\/a> <br><br><strong>Direcci\u00f3n: Domuyo 3096 y Alianza Barrio Ampliaci\u00f3n Rosedal<\/strong><br><strong>Horarios <strong>de atenci\u00f3n: Lunes a Viernes de 15:00 a 20:00 hs<\/strong><\/strong> <br><br><strong>ANEXO Centro Educativo Municipal <\/strong><br><strong>Jueves 26\/02 de 08:30 a 11:30 hs  <\/strong><\/cite><\/blockquote><\/figure>\n\n\n\n<figure class=\"wp-block-pullquote has-contrast-color has-pale-ocean-gradient-background has-text-color has-background has-medium-font-size\" style=\"border-style:solid\"><blockquote><p><strong>PRE INSCRIPCI\u00d3N 2026<\/strong> <br>ISFD Ren\u00e9e Trettel de Fabi\u00e1n<\/p><cite>Se informa que<strong> a partir del d\u00eda lunes 17 de noviembre hasta el martes 23 de diciembre del 2025<\/strong> son las pre inscripci\u00f3n 2026. <br><br>Para las preinscripciones en institutos de gesti\u00f3n estatal deber\u00e1n dirigirse a Ciudadano Digital (CiDi)&nbsp;y en el bot\u00f3n <strong>\u201cMis preinscripciones\u201d<\/strong> completar la informaci\u00f3n solicitada por el Sistema Gesti\u00f3n de Estudiantes (SGE). Para poder iniciar el proceso de pre inscripci\u00f3n, cada aspirante deber\u00e1 contar con su (CiDi).<br><\/cite><\/blockquote><\/figure>\n\n\n\n<figure class=\"wp-block-pullquote has-border-color has-contrast-border-color has-pale-ocean-gradient-background has-background\"><blockquote><p><strong>PASO 1: INSCRIPCI\u00d3N EN GESTI\u00d3N DE ESTUDIANTES<\/strong><\/p><cite>Ingresando a&nbsp;<a href=\"https:\/\/gestionestudiantes.cba.gov.ar\/NoUsuario\/ConsultaSuperior.aspx\">\u201c<\/a><a rel=\"noreferrer noopener\" href=\"https:\/\/cidi.cba.gov.ar\/portal-publico\/?url=http:%2F%2Fgestionestudiantes.cba.gov.ar%2FNoUsuario%2FConsultaSuperior.aspx&amp;app=219\" target=\"_blank\">Pre Matr\u00edcula \u2013 Nivel Superior<\/a><a href=\"https:\/\/gestionestudiantes.cba.gov.ar\/NoUsuario\/ConsultaSuperior.aspx\">\u201d<\/a> se realiza a trav\u00e9s del CIDI.<br><br><strong>Instituto Oficial de Gesti\u00f3n P\u00fablica&nbsp;<\/strong><br>\u2013 C\u00f3digo de Instituto:&nbsp;<strong>EE0310129<\/strong><br>\u2013 Nombre del Instituto:&nbsp;<strong>INSTITUTO SUPERIOR DE FORMACI\u00d3N DOCENTE RENE\u00c9 TRETTEL DE FABI\u00c1N<\/strong><br><br>Se debe elegir la carrera que se quiere cursar. <br>Se pueden inscribir adeudando materias del Secundario, la inscripci\u00f3n ser\u00e1 condicional y tendr\u00e1n <strong>plazo hasta las mesas de Julio para aprobar dichas materias<\/strong>. En caso contrario, deber\u00e1n suspender el cursado.<\/cite><\/blockquote><\/figure>\n\n\n\n<figure class=\"wp-block-pullquote has-contrast-color has-pale-ocean-gradient-background has-text-color has-background has-medium-font-size\" style=\"border-style:solid\"><blockquote><p><strong>PASO 2<\/strong>: <strong>PROFESORADOS<\/strong><br>Completar el formulario seg\u00fan profesorado a cursar <\/p><cite>* <a rel=\"noreferrer noopener\" href=\"https:\/\/forms.gle\/u5VE4dQKdkd4wHkC7\" target=\"_blank\"><strong>Profesorado de Educaci\u00f3n Primaria<\/strong> en&nbsp;<strong>Sede Ciudad de C\u00f3rdoba<\/strong> <\/a><br>(Turno: Tarde 13:00 a 17:50 hs. y Vespertino 17:00 a 21:50 hs),<br><br>* <a rel=\"noreferrer noopener\" href=\"https:\/\/forms.gle\/tdahcRzxYQcKRt7K9\" data-type=\"URL\" data-id=\"https:\/\/forms.gle\/tdahcRzxYQcKRt7K9\" target=\"_blank\"><strong>Profesorado de Educaci<\/strong>\u00f3n<strong> Inicial <\/strong>en<strong> Sede<\/strong> <strong>Ciudad de <\/strong>C<strong>\u00f3rdoba<\/strong> <\/a><br>(Turno: Tarde 13:00 a 17:50 hs.)&nbsp;<br> <br>* <a rel=\"noreferrer noopener\" href=\"https:\/\/forms.gle\/VpSEXWxobFSBBo4e9\" target=\"_blank\"><strong>Profesorado de Educaci\u00f3n Secundaria en Matem\u00e1tica<\/strong> en&nbsp;<strong>Sede Ciudad de C\u00f3rdoba <\/strong><\/a><br>(Turno: Vespertino 17:00 a 21:50 hs).<br><br>* <strong><a rel=\"noreferrer noopener\" href=\"https:\/\/forms.gle\/uubVcLrJj4xyL3hw7\" target=\"_blank\">Profesorado de Educaci\u00f3n Primaria en&nbsp;Extensi\u00f3n \u00c1ulica -Anexo-<\/a><\/strong> <br>(Turno: Ma\u00f1ana 8:00 a 13:00 hs.)<br><br><strong>* <a rel=\"noreferrer noopener\" href=\"https:\/\/forms.gle\/ykvTp6MZabAWvSud7\" target=\"_blank\">Profesorado de Educaci\u00f3n Inicial en&nbsp;Extensi\u00f3n \u00c1ulica -Anexo- <\/a><\/strong><br>(Turno: Ma\u00f1ana 8:00 a 13:00 hs.)<\/cite><\/blockquote><\/figure>\n\n\n\n<figure class=\"wp-block-pullquote has-border-color has-contrast-border-color has-pale-ocean-gradient-background has-background has-medium-font-size\"><blockquote><p><strong>PASO 3: ENVIAR Y ENTREGAR DOCUMENTACI\u00d3N <\/strong><br><strong><em>Horario <\/em><strong><strong>de 15:00 a 20:30 hs<\/strong><\/strong><\/strong><br><br><strong>A partir del <mark style=\"background-color:rgba(0, 0, 0, 0)\" class=\"has-inline-color has-accent-color\">lunes 01\/12\/25 hasta el 16\/12\/25<\/mark><strong> <\/strong>enviar la siguiente documentaci\u00f3n al correo <strong><mark style=\"background-color:rgba(0, 0, 0, 0)\" class=\"has-inline-color has-accent-color\">matriculaciontrettel@gmail.com<\/mark><\/strong><em>&nbsp;<\/em>y <\/strong>tambi\u00e9n<br><br><strong>entregarla presencialmente en Preceptor\u00eda <em>en FORMATO PAPEL en un folio y carpeta de legajo de cartulina<\/em> colgante<\/strong> <br><br><strong>2 dos fotos 4\u00d74<\/strong><em>&nbsp;<\/em><br><em>Pago de&nbsp;<\/em><strong>Bono de Cooperadora<\/strong><em> (presencial)<\/em><\/p><cite>Escanear y enviar en adjunto la siguiente documentaci\u00f3n:&nbsp;<br><br><strong>DNI frente<\/strong>&nbsp;(en un archivo)<br><br><strong>DNI anverso<\/strong>&nbsp;(en un archivo)<br><br><strong>Partida de Nacimiento<\/strong>&nbsp;(un solo archivo)<br><br><strong>Anal\u00edtico Secundario<\/strong>&nbsp;(Autenticado) o<strong>&nbsp;Certificado de Estudio en tr\u00e1mite<\/strong>&nbsp;(Con fecha Actual y sello institucional) (escaneados frente y dorso en un solo archivo) <\/cite><\/blockquote><\/figure>\n\n\n\n<figure class=\"wp-block-pullquote has-text-align-center has-border-color has-contrast-border-color has-pale-ocean-gradient-background has-background has-medium-font-size\"><blockquote><p><strong>PASO 4: CONFIRMACI\u00d3N DE MATR\u00cdCULA <\/strong><\/p><cite><strong>A partir del lunes <mark style=\"background-color:rgba(0, 0, 0, 0)\" class=\"has-inline-color has-accent-color\">23 de febrero del 2026<\/mark> deber\u00e1s entregar presencialmente<\/strong> <br>la siguiente documentaci\u00f3n: <br><br>&#8211; <strong>Apto psicof\u00edsico con fecha 2026<\/strong>. Imprimir y completar <a href=\"https:\/\/www.cba.gov.ar\/wp-content\/uploads\/2025\/02\/CUS-2025-1.pdf\">CUS<\/a><br><br>&#8211; <strong>Certificado de NO INSCRIPCI\u00d3N AL REGISTRO PROVINCIAL DE PERSONAS CONDENADAS POR DELITOS CONTRA LA INTEGRIDAD SEXUAL (LEY 9680) con fecha 2026.<\/strong> <a href=\"https:\/\/isfdtrettel-cba.infd.edu.ar\/sitio\/informacion-para-estudiantes-2\/\" data-type=\"URL\" data-id=\"https:\/\/isfdtrettel-cba.infd.edu.ar\/sitio\/informacion-para-estudiantes-2\/\">https:\/\/isfdtrettel-cba.infd.edu.ar\/sitio\/informacion-para-estudiantes-2\/<\/a> <br><br><strong>Direcci\u00f3n: Domuyo 3096 y Alianza Barrio Ampliaci\u00f3n Rosedal<\/strong><br><strong>Horarios <strong>de atenci\u00f3n: Lunes a Viernes de 15:00 a 20:00 hs<\/strong><\/strong> <br><br><strong>ANEXO Centro Educativo Municipal <\/strong><br><strong>Jueves 26\/02 de 08:30 a 11:30 hs  <\/strong><\/cite><\/blockquote><\/figure>\n\n\n\n<p><\/p>\n\n\n\n<figure class=\"wp-block-pullquote has-border-color has-contrast-border-color has-pale-ocean-gradient-background has-background has-medium-font-size\"><blockquote><p><strong>PASO 5:<\/strong> <strong>Muy importante para enviar la documentaci\u00f3n por correo &nbsp;<\/strong><\/p><cite><strong>ASUNTO<\/strong><em>&nbsp;del correo escribir <\/em><strong>\u00abLegajo Digital Matr\u00edcula 2026\u00bb<\/strong><em> y especificar el profesorado por ejemplo Profesorado de Educaci\u00f3n Primaria en Sede de Ciudad de C\u00f3rdoba Capital<\/em><br><em>En el&nbsp;<\/em><strong>CUERPO&nbsp;del correo poner: Nombre, Apellido y DNI del estudiante.<\/strong><br><br>Los formatos soportados son: PDF, JPG y JPEG; la suma del tama\u00f1o de los&nbsp;<strong>archivos seleccionados<\/strong>&nbsp;no debe superar los 20 MB.<br><br>Los archivos deben ser adjuntados todos en un mismo correo con el <strong>apellido y nombre<\/strong> del estudiante.<\/cite><\/blockquote><\/figure>\n\n\n\n<figure class=\"wp-block-pullquote has-border-color has-contrast-border-color has-pale-ocean-gradient-background has-background\"><blockquote><p><mark style=\"background-color:rgba(0, 0, 0, 0)\" class=\"has-inline-color has-contrast-2-color\"><strong>MEDIOS DE CONTACTO:<\/strong><br><\/mark><br><strong>Cualquier duda, consulta o inquietud pod\u00e9s escribirnos al mail de: <br><mark style=\"background-color:rgba(0, 0, 0, 0)\" class=\"has-inline-color has-accent-color\">preceptoriatrettel@gmail.com<\/mark><\/strong><br><br><strong>Record\u00e1 especificar datos personales y el Profesorado que te interesa.<br><\/strong><br><strong>Tel\u00e9fono: 4251118<br><br>Horarios de atenci\u00f3n: Lunes a Viernes de 15:00 a 21:00 hs<\/strong><\/p><\/blockquote><\/figure>\n\n\n\n<figure class=\"wp-block-gallery has-nested-images columns-default is-cropped wp-block-gallery-1 is-layout-flex\">\n<figure class=\"wp-block-image is-style-rounded\"><img decoding=\"async\" src=\"blob:https:\/\/isfdtrettel-cba.infd.edu.ar\/0a1006d0-22be-405d-93f6-fa5d0bfeaa4e\" alt=\"\"\/><\/figure>\n<\/figure>\n\n\n\n<p><\/p>\n\n\n\n<p><\/p>\n\n\n\n<p><\/p>\n\n\n\n<p><\/p>\n\n\n\n<p><\/p>\n","protected":false},"excerpt":{"rendered":"<p>LES SOLICITAMOS LEER TODOS LOS PASOS QUE ESTAN PUBLICADOS EN ESTA P\u00c1GINA PARA REALIZAR LA PREINSCRIPCI\u00d3N SEMINARIO DE INGRESO 2026 Estimados Ingresantes: Se informa que a partir del lunes 2 de marzo comienza el Seminario de Ingreso Horario Sede de 16:00 a 21:00 horasHorario Anexo de 8:00 a 13:00 horas SEDE Direcci\u00f3n: Domuyo 3096 y &#8230; <a title=\"INGRESO 2026\" class=\"read-more\" href=\"https:\/\/isfdtrettel-cba.infd.edu.ar\/sitio\/informacion-para-ingresantes\/\" aria-label=\"More on INGRESO 2026\">[+]<\/a><\/p>\n","protected":false},"author":332,"featured_media":0,"parent":0,"menu_order":0,"comment_status":"closed","ping_status":"closed","template":"","meta":[],"acf":[],"_links":{"self":[{"href":"https:\/\/isfdtrettel-cba.infd.edu.ar\/sitio\/wp-json\/wp\/v2\/pages\/1957"}],"collection":[{"href":"https:\/\/isfdtrettel-cba.infd.edu.ar\/sitio\/wp-json\/wp\/v2\/pages"}],"about":[{"href":"https:\/\/isfdtrettel-cba.infd.edu.ar\/sitio\/wp-json\/wp\/v2\/types\/page"}],"author":[{"embeddable":true,"href":"https:\/\/isfdtrettel-cba.infd.edu.ar\/sitio\/wp-json\/wp\/v2\/users\/332"}],"replies":[{"embeddable":true,"href":"https:\/\/isfdtrettel-cba.infd.edu.ar\/sitio\/wp-json\/wp\/v2\/comments?post=1957"}],"version-history":[{"count":135,"href":"https:\/\/isfdtrettel-cba.infd.edu.ar\/sitio\/wp-json\/wp\/v2\/pages\/1957\/revisions"}],"predecessor-version":[{"id":2897,"href":"https:\/\/isfdtrettel-cba.infd.edu.ar\/sitio\/wp-json\/wp\/v2\/pages\/1957\/revisions\/2897"}],"wp:attachment":[{"href":"https:\/\/isfdtrettel-cba.infd.edu.ar\/sitio\/wp-json\/wp\/v2\/media?parent=1957"}],"curies":[{"name":"wp","href":"https:\/\/api.w.org\/{rel}","templated":true}]}}