{"id":286,"date":"2016-10-31T13:17:59","date_gmt":"2016-10-31T16:17:59","guid":{"rendered":"https:\/\/isfdtrettel-cba.infd.edu.ar\/sitio\/?page_id=286"},"modified":"2026-03-01T20:21:04","modified_gmt":"2026-03-01T23:21:04","slug":"inicio","status":"publish","type":"page","link":"https:\/\/isfdtrettel-cba.infd.edu.ar\/sitio\/","title":{"rendered":"Inicio"},"content":{"rendered":"<div id=\"metaslider-id-403\" style=\"width: 100%;\" class=\"ml-slider-3-33-0 metaslider metaslider-flex metaslider-403 ml-slider ms-theme-default\" role=\"region\" aria-roledescription=\"Slideshow\" aria-label=\"Slideshow\">\n    <div id=\"metaslider_container_403\">\n        <div id=\"metaslider_403\" class=\"flexslider\">\n            <ul aria-live=\"polite\" class=\"slides\">\n                <li style=\"display: block; width: 100%;\" class=\"slide-607 ms-image\" aria-roledescription=\"slide\" aria-label=\"slide-607\"><a href=\"https:\/\/mapa.infd.edu.ar\/\" target=\"_blank\"><img src=\"https:\/\/isfdtrettel-cba.infd.edu.ar\/sitio\/wp-content\/uploads\/2018\/06\/mapa_infd6-1100x200.png\" height=\"200\" width=\"1100\" alt=\"\" class=\"slider-403 slide-607\" title=\"mapa_infd6\" \/><\/a><\/li>\n                <li style=\"display: none; width: 100%;\" class=\"slide-609 ms-image\" aria-roledescription=\"slide\" aria-label=\"slide-609\"><a href=\"https:\/\/www.argentina.gob.ar\/educacion\/becas\" target=\"_blank\"><img src=\"https:\/\/isfdtrettel-cba.infd.edu.ar\/sitio\/wp-content\/uploads\/2018\/06\/becas7-1100x200.png\" height=\"200\" width=\"1100\" alt=\"\" class=\"slider-403 slide-609\" title=\"becas7\" \/><\/a><\/li>\n                <li style=\"display: none; width: 100%;\" class=\"slide-635 ms-image\" aria-roledescription=\"slide\" aria-label=\"slide-635\"><a href=\"https:\/\/www.argentina.gob.ar\/tema\/estudiar\/formacion-docencia\" target=\"_blank\"><img src=\"https:\/\/isfdtrettel-cba.infd.edu.ar\/sitio\/wp-content\/uploads\/2018\/06\/convocatorias_slide6-1-1100x200.png\" height=\"200\" width=\"1100\" alt=\"\" class=\"slider-403 slide-635\" title=\"convocatorias_slide6-1\" \/><\/a><\/li>\n            <\/ul>\n        <\/div>\n        \n    <\/div>\n<\/div>\n<p style=\"text-align: center;\"><span style=\"font-family: arial,helvetica,sans-serif; color: #008000; font-size: 12pt;\"><strong>Instituto Superior de Formaci\u00f3n Docente <\/strong><\/span><\/p>\n<p style=\"text-align: center;\"><span style=\"background-color: #ffffff; color: #008000; font-size: 18pt;\"><em><span style=\"font-family: arial,helvetica,sans-serif;\"><strong>\u00abRen\u00e9e Trettel de Fabi\u00e1n\u00bb<\/strong><\/span><\/em><\/span><\/p>\n<p style=\"text-align: center;\"><span style=\"color: #008000; font-size: 12pt;\"><strong><em>M\u00e1s de treinta a\u00f1os de compromiso<\/em><\/strong><\/span><\/p>\n<p style=\"text-align: center;\"><span style=\"color: #008000; font-size: 12pt;\"><strong><em>con el Ense\u00f1ar y el Aprender<\/em><\/strong><\/span><\/p>\n<p style=\"text-align: center;\"><span style=\"color: #008000; font-size: 14pt;\"><strong>1989-2026<\/strong><\/span><\/p>\n<p style=\"text-align: left;\"><span style=\"font-family: times new roman,times; font-size: 14pt;\"><span style=\"color: black;\">E<\/span><span style=\"color: black;\">ste Instituto Superior de Formaci\u00f3n Docente forma parte del sistema de educaci\u00f3n p\u00fablica de gesti\u00f3n estatal<\/span><span style=\"color: black;\">. <\/span>Esta Instituci\u00f3n surge por la necesidad y la inquietud de una comunidad preocupada por generar nuevos espacios educativos. Los actores sociales locales que intervinieron en su fundaci\u00f3n fueron los profesores y el personal de un colegio secundario de barrio Villa Adela, los padres de alumnos y vecinos. \u00c9stos comienzan a gestar un proyecto que pueda responder a las demandas\u00a0 y necesidades de la comunidad barrial.<\/span><\/p>\n<p style=\"text-align: left;\"><span style=\"font-family: times new roman,times; font-size: 14pt;\">La relaci\u00f3n instituci\u00f3n- comunidad se fue fortaleciendo y varias actividades dan cuenta de ello: Se trabaj\u00f3 con otro instituto de formaci\u00f3n docente en la organizaci\u00f3n de cursos de capacitaci\u00f3n, se realizaron actividades de extensi\u00f3n en el CPC (Centro de Participaci\u00f3n Comunal) de la zona, y hubo un v\u00ednculo estrecho con la Universidad porque se recib\u00edan practicantes de la Escuela de Ciencias de la Educaci\u00f3n. Todas estas actividades\u00a0 hicieron que la instituci\u00f3n\u00a0 estuviera en relaci\u00f3n con la comunidad y el contexto, un aspecto que hizo a su crecimiento y fortalecimiento.<\/span><\/p>\n<p style=\"text-align: left;\"><span style=\"font-family: times new roman,times; font-size: 14pt;\">Muchos estudiantes que asisten a la Instituci\u00f3n son padres. Hace algunos a\u00f1os se realiz\u00f3 un estudio, donde se describ\u00eda que una de las causas de abandono, era no tener donde dejar sus propios hijos para asistir a clase. Su situaci\u00f3n econ\u00f3mica no les permit\u00eda afrontar los gastos de una guarder\u00eda particular. Para hace frente a esta situaci\u00f3n y generar las condiciones para que los padres pudieran continuar con sus estudios se crea la LUDOTECA.<\/span><\/p>\n<p>\u00a0 \u00a0 <span style=\"font-size: 10pt; font-family: Verdana; color: black;\"><img decoding=\"async\" class=\"alignleft\" title=\"Red virtual\" src=\"https:\/\/isfdtrettel-cba.infd.edu.ar\/sitio\/wp-content\/uploads\/2018\/08\/la_red.jpg\" alt=\"Red virtual\" border=\"0\" \/><\/span><span style=\"font-size: 10pt;\">\u00a0<span style=\"font-family: times new roman,times;\"><span style=\"color: black;\">Junto con varios cientos de Institutos, <\/span><span style=\"color: black;\">integramos la <strong><em>Red\u00a0Virtual de Institutos Superiores de Formaci\u00f3n Docente<\/em><\/strong>\u00a0coordinada por el <strong>INFD<\/strong> (Instituto Nacional de Formaci\u00f3n Docente)dependiente del Ministerio de Educaci\u00f3n de la Naci\u00f3n Argentina.<\/span>\u00a0\u00a0\u00a0\u00a0\u00a0<\/span>\u00a0\u00a0\u00a0\u00a0<\/span><\/p>\n","protected":false},"excerpt":{"rendered":"<p>Instituto Superior de Formaci\u00f3n Docente \u00abRen\u00e9e Trettel de Fabi\u00e1n\u00bb M\u00e1s de treinta a\u00f1os de compromiso con el Ense\u00f1ar y el Aprender 1989-2026 Este Instituto Superior de Formaci\u00f3n Docente forma parte del sistema de educaci\u00f3n p\u00fablica de gesti\u00f3n estatal. Esta Instituci\u00f3n surge por la necesidad y la inquietud de una comunidad preocupada por generar nuevos espacios &#8230; <a title=\"Inicio\" class=\"read-more\" href=\"https:\/\/isfdtrettel-cba.infd.edu.ar\/sitio\/\" aria-label=\"More on Inicio\">[+]<\/a><\/p>\n","protected":false},"author":1,"featured_media":707,"parent":298,"menu_order":0,"comment_status":"closed","ping_status":"closed","template":"","meta":[],"acf":[],"_links":{"self":[{"href":"https:\/\/isfdtrettel-cba.infd.edu.ar\/sitio\/wp-json\/wp\/v2\/pages\/286"}],"collection":[{"href":"https:\/\/isfdtrettel-cba.infd.edu.ar\/sitio\/wp-json\/wp\/v2\/pages"}],"about":[{"href":"https:\/\/isfdtrettel-cba.infd.edu.ar\/sitio\/wp-json\/wp\/v2\/types\/page"}],"author":[{"embeddable":true,"href":"https:\/\/isfdtrettel-cba.infd.edu.ar\/sitio\/wp-json\/wp\/v2\/users\/1"}],"replies":[{"embeddable":true,"href":"https:\/\/isfdtrettel-cba.infd.edu.ar\/sitio\/wp-json\/wp\/v2\/comments?post=286"}],"version-history":[{"count":138,"href":"https:\/\/isfdtrettel-cba.infd.edu.ar\/sitio\/wp-json\/wp\/v2\/pages\/286\/revisions"}],"predecessor-version":[{"id":2880,"href":"https:\/\/isfdtrettel-cba.infd.edu.ar\/sitio\/wp-json\/wp\/v2\/pages\/286\/revisions\/2880"}],"up":[{"embeddable":true,"href":"https:\/\/isfdtrettel-cba.infd.edu.ar\/sitio\/wp-json\/wp\/v2\/pages\/298"}],"wp:featuredmedia":[{"embeddable":true,"href":"https:\/\/isfdtrettel-cba.infd.edu.ar\/sitio\/wp-json\/wp\/v2\/media\/707"}],"wp:attachment":[{"href":"https:\/\/isfdtrettel-cba.infd.edu.ar\/sitio\/wp-json\/wp\/v2\/media?parent=286"}],"curies":[{"name":"wp","href":"https:\/\/api.w.org\/{rel}","templated":true}]}}