{"id":761,"date":"2018-08-30T11:07:01","date_gmt":"2018-08-30T14:07:01","guid":{"rendered":"https:\/\/isfdtrettel-cba.infd.edu.ar\/sitio\/el-instituto\/"},"modified":"2024-09-30T18:58:29","modified_gmt":"2024-09-30T21:58:29","slug":"el-instituto","status":"publish","type":"page","link":"https:\/\/isfdtrettel-cba.infd.edu.ar\/sitio\/el-instituto\/","title":{"rendered":"El Instituto"},"content":{"rendered":"\n<h2 class=\"wp-block-heading has-text-align-center has-text-color\" style=\"color:#226225\">Instituto Superior de Formaci\u00f3n Docente<\/h2>\n\n\n\n<h2 class=\"wp-block-heading has-text-align-center has-text-color\" style=\"color:#226225\"><strong>\u00abRen\u00e9e Trettel de Fabi\u00e1n\u00bb<\/strong><\/h2>\n\n\n<p style=\"text-align: center;\">\n<\/p><p style=\"text-align: center;\"><span style=\"color: #008000;\"><span style=\"color: #008000; font-size: 14pt;\"><img decoding=\"async\" loading=\"lazy\" style=\"vertical-align: middle;\" src=\"https:\/\/isfdtrettel-cba.infd.edu.ar\/aula\/archivos\/repositorio\/0\/97\/Logo_-_Aprender_a_Enseniar.jpg\" alt=\"\" width=\"467\" height=\"321\" border=\"0\"><\/span>&nbsp;<\/span><\/p>\n<table class=\"Borde_punteadoBorde_rojo\" style=\"border-width: 0px; border-color: #477b4a; height: 244px;\" border=\"0\" width=\"1016\" frame=\"border\" align=\"center\">\n<tbody>\n<tr>\n<td style=\"text-align: right; padding-left: 180px;\">&nbsp;&nbsp;&nbsp;&nbsp;&nbsp;&nbsp;<span style=\"color: #008000;\"><strong><span style=\"font-family: comic sans ms,sans-serif; font-size: small;\">&nbsp;<\/span><\/strong><\/span><span style=\"color: #008000; font-size: 12pt;\"><strong><span style=\"font-family: comic sans ms,sans-serif;\">\u00abSi lo que nos proponemos es educar,<\/span><\/strong><\/span><span style=\"color: #008000; font-size: 12pt;\"><strong><span style=\"font-family: comic sans ms,sans-serif;\">&nbsp;es de absoluta prioridad desocultar <\/span><\/strong><\/span><span style=\"color: #008000; font-size: 12pt;\"><strong><span style=\"font-family: comic sans ms,sans-serif;\">el conocimiento y reconvertirlo <\/span><\/strong><\/span><span style=\"color: #008000; font-size: 12pt;\"><strong><span style=\"font-family: comic sans ms,sans-serif;\">en lo que desde su origen es: <\/span><\/strong><\/span><span style=\"color: #008000; font-size: 12pt;\"><strong><span style=\"font-family: comic sans ms,sans-serif;\">Propiedad y naturaleza del hombre\u00bb<\/span><\/strong><\/span><p><\/p>\n<p><span style=\"color: #008000; font-size: 12pt;\"><strong><span style=\"font-family: comic sans ms,sans-serif;\">Mar\u00eda Saleme<\/span><\/strong><\/span><\/p>\n<\/td>\n<\/tr>\n<tr>\n<td style=\"text-align: center;\">&nbsp;<\/td>\n<\/tr>\n<\/tbody>\n<\/table>\n\n\n<figure class=\"wp-block-pullquote has-pale-ocean-gradient-background has-background\"><blockquote><p><strong>EL POR QU\u00c9 DEL NOMBRE<\/strong><\/p><cite>\u00a0<br>El 29 de mayo de 1990 se impuso el nombre de \u00abRene\u00e9 Trettel de Fabi\u00e1n\u00bb, en homenaje a la educadora cordobesa. La profesora se desempe\u00f1\u00f3 como docente de la Escuela Normal Superior \u201cDr. Agust\u00edn Garz\u00f3n Agulla\u201d, comparti\u00f3 trabajos y proyectos con\u00a0distintas personalidades de C\u00f3rdoba, entre ellas Mar\u00eda Saleme y fue asesora ministerial en el comienzo de la democracia. En un acto realizado el 29 de mayo de 1990 se procedi\u00f3 a la inauguraci\u00f3n oficial e imposici\u00f3n del nombre al Instituto.<\/cite><\/blockquote><\/figure>\n\n\n\n<figure class=\"wp-block-pullquote\"><blockquote><p><\/p><\/blockquote><\/figure>\n","protected":false},"excerpt":{"rendered":"<p>Instituto Superior de Formaci\u00f3n Docente \u00abRen\u00e9e Trettel de Fabi\u00e1n\u00bb &nbsp; &nbsp;&nbsp;&nbsp;&nbsp;&nbsp;&nbsp;&nbsp;\u00abSi lo que nos proponemos es educar,&nbsp;es de absoluta prioridad desocultar el conocimiento y reconvertirlo en lo que desde su origen es: Propiedad y naturaleza del hombre\u00bb Mar\u00eda Saleme &nbsp; EL POR QU\u00c9 DEL NOMBRE \u00a0El 29 de mayo de 1990 se impuso el nombre &#8230; <a title=\"El Instituto\" class=\"read-more\" href=\"https:\/\/isfdtrettel-cba.infd.edu.ar\/sitio\/el-instituto\/\" aria-label=\"More on El Instituto\">[+]<\/a><\/p>\n","protected":false},"author":332,"featured_media":0,"parent":0,"menu_order":0,"comment_status":"closed","ping_status":"closed","template":"","meta":[],"acf":[],"_links":{"self":[{"href":"https:\/\/isfdtrettel-cba.infd.edu.ar\/sitio\/wp-json\/wp\/v2\/pages\/761"}],"collection":[{"href":"https:\/\/isfdtrettel-cba.infd.edu.ar\/sitio\/wp-json\/wp\/v2\/pages"}],"about":[{"href":"https:\/\/isfdtrettel-cba.infd.edu.ar\/sitio\/wp-json\/wp\/v2\/types\/page"}],"author":[{"embeddable":true,"href":"https:\/\/isfdtrettel-cba.infd.edu.ar\/sitio\/wp-json\/wp\/v2\/users\/332"}],"replies":[{"embeddable":true,"href":"https:\/\/isfdtrettel-cba.infd.edu.ar\/sitio\/wp-json\/wp\/v2\/comments?post=761"}],"version-history":[{"count":3,"href":"https:\/\/isfdtrettel-cba.infd.edu.ar\/sitio\/wp-json\/wp\/v2\/pages\/761\/revisions"}],"predecessor-version":[{"id":2408,"href":"https:\/\/isfdtrettel-cba.infd.edu.ar\/sitio\/wp-json\/wp\/v2\/pages\/761\/revisions\/2408"}],"wp:attachment":[{"href":"https:\/\/isfdtrettel-cba.infd.edu.ar\/sitio\/wp-json\/wp\/v2\/media?parent=761"}],"curies":[{"name":"wp","href":"https:\/\/api.w.org\/{rel}","templated":true}]}}