{"id":763,"date":"2018-08-30T11:07:02","date_gmt":"2018-08-30T14:07:02","guid":{"rendered":"https:\/\/isfdtrettel-cba.infd.edu.ar\/sitio\/profesorado-de-educacion-primaria\/"},"modified":"2025-12-16T15:21:11","modified_gmt":"2025-12-16T18:21:11","slug":"profesorado-de-educacion-primaria","status":"publish","type":"page","link":"https:\/\/isfdtrettel-cba.infd.edu.ar\/sitio\/profesorado-de-educacion-primaria\/","title":{"rendered":"Profesorado de Educaci\u00f3n Primaria"},"content":{"rendered":"<p><span style=\"font-size: 12pt;\"><span style=\"color: #008000;\"><strong>Prop\u00f3sitos<\/strong><\/span><span style=\"color: #008000;\">:<\/span> el Profesorado\u00a0en Ense\u00f1anza Primaria\u00a0tiene como prop\u00f3sito Formar docentes capacitados para desempe\u00f1arse en la escuela primaria, a trav\u00e9s de la construcci\u00f3n de marcos comprensivos acerca de la realidad social, de las instituciones y de las acciones de los sujetos; de la comprensi\u00f3n cr\u00edtica del rol docente y de la relaci\u00f3n teor\u00eda-pr\u00e1ctica. <\/span><\/p>\n<p><span style=\"font-size: 12pt;\">Teniendo en cuenta la identidad del Trettel, la educaci\u00f3n de profesores se entiende como la formaci\u00f3n de sujetos \u00edntegros, cr\u00edticos y activos, comprometidos con la sociedad de su tiempo.<\/span><\/p>\n<p><span style=\"font-size: 12pt;\"><strong><span style=\"color: #008000;\">T\u00edtulo:<\/span> <span style=\"color: black;\">Profesor<\/span> en Ense\u00f1anza Primaria<\/strong><\/span><\/p>\n<p><span style=\"font-size: 12pt;\"><strong><span style=\"color: #008000;\">Duraci\u00f3n:\u00a0<\/span>4 a\u00f1os\u00a0\u00a0\u00a0\u00a0\u00a0\u00a0\u00a0\u00a0\u00a0\u00a0 <\/strong><\/span><\/p>\n<p><span style=\"font-size: 12pt;\"><span style=\"color: #008000;\"><strong>Modalidad:<\/strong><\/span> <strong>cursado bimodal (presencial-virtual sincr\u00f3nico\/asincr\u00f3nico)<\/strong><\/span><\/p>\n<p><span style=\"font-size: 12pt;\"><span style=\"color: #008000;\"><strong>Validez:<\/strong><\/span> <strong>oficial<\/strong><\/span><\/p>\n<p><span style=\"font-size: 12pt; text-decoration: underline;\"><span style=\"color: #008000;\"><strong>Campo ocupacional<\/strong><\/span><\/span><\/p>\n<p><span style=\"font-size: 12pt;\">El Profesor\/a en Ense\u00f1anza Primaria\u00a0 puede ejercer la docencia primaria con ni\u00f1os y adultos, en escuelas primarias urbanas y rurales, diurnas y nocturnas y en centros de alfabetizaci\u00f3n.\u00a0<\/span><\/p>\n<p>\u00a0<\/p>\n\n\n<p><\/p>\n","protected":false},"excerpt":{"rendered":"<p>Prop\u00f3sitos: el Profesorado\u00a0en Ense\u00f1anza Primaria\u00a0tiene como prop\u00f3sito Formar docentes capacitados para desempe\u00f1arse en la escuela primaria, a trav\u00e9s de la construcci\u00f3n de marcos comprensivos acerca de la realidad social, de las instituciones y de las acciones de los sujetos; de la comprensi\u00f3n cr\u00edtica del rol docente y de la relaci\u00f3n teor\u00eda-pr\u00e1ctica. Teniendo en cuenta la &#8230; <a title=\"Profesorado de Educaci\u00f3n Primaria\" class=\"read-more\" href=\"https:\/\/isfdtrettel-cba.infd.edu.ar\/sitio\/profesorado-de-educacion-primaria\/\" aria-label=\"More on Profesorado de Educaci\u00f3n Primaria\">[+]<\/a><\/p>\n","protected":false},"author":332,"featured_media":0,"parent":0,"menu_order":0,"comment_status":"closed","ping_status":"closed","template":"","meta":[],"acf":[],"_links":{"self":[{"href":"https:\/\/isfdtrettel-cba.infd.edu.ar\/sitio\/wp-json\/wp\/v2\/pages\/763"}],"collection":[{"href":"https:\/\/isfdtrettel-cba.infd.edu.ar\/sitio\/wp-json\/wp\/v2\/pages"}],"about":[{"href":"https:\/\/isfdtrettel-cba.infd.edu.ar\/sitio\/wp-json\/wp\/v2\/types\/page"}],"author":[{"embeddable":true,"href":"https:\/\/isfdtrettel-cba.infd.edu.ar\/sitio\/wp-json\/wp\/v2\/users\/332"}],"replies":[{"embeddable":true,"href":"https:\/\/isfdtrettel-cba.infd.edu.ar\/sitio\/wp-json\/wp\/v2\/comments?post=763"}],"version-history":[{"count":3,"href":"https:\/\/isfdtrettel-cba.infd.edu.ar\/sitio\/wp-json\/wp\/v2\/pages\/763\/revisions"}],"predecessor-version":[{"id":2841,"href":"https:\/\/isfdtrettel-cba.infd.edu.ar\/sitio\/wp-json\/wp\/v2\/pages\/763\/revisions\/2841"}],"wp:attachment":[{"href":"https:\/\/isfdtrettel-cba.infd.edu.ar\/sitio\/wp-json\/wp\/v2\/media?parent=763"}],"curies":[{"name":"wp","href":"https:\/\/api.w.org\/{rel}","templated":true}]}}