{"id":773,"date":"2018-08-30T11:07:07","date_gmt":"2018-08-30T14:07:07","guid":{"rendered":"https:\/\/isfdtrettel-cba.infd.edu.ar\/sitio\/noticias-del-instituto\/"},"modified":"2025-12-13T15:35:13","modified_gmt":"2025-12-13T18:35:13","slug":"noticias-del-instituto","status":"publish","type":"page","link":"https:\/\/isfdtrettel-cba.infd.edu.ar\/sitio\/noticias-del-instituto\/","title":{"rendered":"Noticias del Instituto"},"content":{"rendered":"\n<h1 class=\"wp-block-heading has-text-align-center has-pale-ocean-gradient-background has-background\">NUEVO EDIFICIO<\/h1>\n\n\n\n<figure class=\"wp-block-pullquote has-border-color has-contrast-border-color has-pale-ocean-gradient-background has-background\" style=\"border-width:6px\"><blockquote><p>El nuevo edificio del Instituto fue inaugurado formalmente el martes 27 de agosto de 2024 con presencia de autoridades provinciales, ministeriales e institucionales. Se encuentra ubicado en Domuyo y Alianza, B\u00ba Ampliaci\u00f3n Rosedal. Las L\u00edneas de colectivo que pasan por all\u00ed\u00a0son: el 64 (pasa a 2 cuadras) y el 600 (Por Lagunilla a 3 o 4 cuadras). <br><br><strong>Horario de atenci\u00f3n de 15:00 a 21:00 horas !!!<\/strong><br><br><img decoding=\"async\" loading=\"lazy\" width=\"619\" height=\"406\" class=\"wp-image-2349\" style=\"width: 600px;\" src=\"https:\/\/isfdtrettel-cba.infd.edu.ar\/sitio\/wp-content\/uploads\/2024\/09\/WhatsApp-Image-2024-09-02-at-20.29.33-1.jpeg\" alt=\"\"><img decoding=\"async\" loading=\"lazy\" width=\"1032\" height=\"683\" class=\"wp-image-2348\" style=\"width: 600px;\" src=\"https:\/\/isfdtrettel-cba.infd.edu.ar\/sitio\/wp-content\/uploads\/2024\/09\/WhatsApp-Image-2024-08-27-at-18.39.22.jpeg\" alt=\"\" srcset=\"https:\/\/isfdtrettel-cba.infd.edu.ar\/sitio\/wp-content\/uploads\/2024\/09\/WhatsApp-Image-2024-08-27-at-18.39.22.jpeg 1032w, https:\/\/isfdtrettel-cba.infd.edu.ar\/sitio\/wp-content\/uploads\/2024\/09\/WhatsApp-Image-2024-08-27-at-18.39.22-1000x662.jpeg 1000w, https:\/\/isfdtrettel-cba.infd.edu.ar\/sitio\/wp-content\/uploads\/2024\/09\/WhatsApp-Image-2024-08-27-at-18.39.22-768x508.jpeg 768w\" sizes=\"(max-width: 1032px) 100vw, 1032px\" \/><\/p><\/blockquote><\/figure>\n\n\n\n<p><\/p>\n\n\n\n<figure class=\"wp-block-image size-full\"><img decoding=\"async\" loading=\"lazy\" width=\"973\" height=\"738\" src=\"https:\/\/isfdtrettel-cba.infd.edu.ar\/sitio\/wp-content\/uploads\/2023\/10\/Mapa-ubicacion-Nuevo-edificio.jpg\" alt=\"\" class=\"wp-image-2004\" srcset=\"https:\/\/isfdtrettel-cba.infd.edu.ar\/sitio\/wp-content\/uploads\/2023\/10\/Mapa-ubicacion-Nuevo-edificio.jpg 973w, https:\/\/isfdtrettel-cba.infd.edu.ar\/sitio\/wp-content\/uploads\/2023\/10\/Mapa-ubicacion-Nuevo-edificio-768x583.jpg 768w\" sizes=\"(max-width: 973px) 100vw, 973px\" \/><\/figure>\n\n\n\n<figure class=\"wp-block-pullquote has-border-color has-contrast-border-color has-pale-ocean-gradient-background has-text-color has-background\" style=\"border-width:6px;color:#296f1f\"><blockquote><p>&nbsp;<br><strong>\u00abRecategorizaci\u00f3n en Primera Categor\u00eda al Instituto Superior de Formaci\u00f3n Docente Ren\u00e9e Trettel de Fabi\u00e1n\u00bb<\/strong><\/p><cite>El Ministerio de Educaci\u00f3n ha resuelto&nbsp;<strong>\u00abRecategorizar en Primera Categor\u00eda al Instituto Superior de Formaci\u00f3n Docente Ren\u00e9e Trettel de Fabi\u00e1n\u00bb.&nbsp;<\/strong><br><a rel=\"noreferrer noopener\" href=\"https:\/\/isfdtrettel-cba.infd.edu.ar\/sitio\/wp-content\/uploads\/2019\/06\/Resoluci%C3%B3n-N%C2%BA-488.pdf\" target=\"_blank\">Resoluci\u00f3n N\u00b0 488\/19<\/a>&nbsp;<br>Este hecho, significativo para nuestro Instituto, comenz\u00f3 a gestionarse <em>en el 2014<\/em> por el Equipo de Gobierno Institucional  en una tarea sostenida durante este tiempo y se logr\u00f3 en el 2019. Esto permiti\u00f3 que el Instituto tuviera un cargo de Vicedirecci\u00f3n, de Prosecretar\u00eda y un segundo de Preceptor\u00eda. Todos ellos indispensables para gestionar una Instituci\u00f3n en crecimiento.<\/cite><\/blockquote><\/figure>\n\n\n\n<p><\/p>\n\n\n\n<p><\/p>\n","protected":false},"excerpt":{"rendered":"<p>NUEVO EDIFICIO El nuevo edificio del Instituto fue inaugurado formalmente el martes 27 de agosto de 2024 con presencia de autoridades provinciales, ministeriales e institucionales. Se encuentra ubicado en Domuyo y Alianza, B\u00ba Ampliaci\u00f3n Rosedal. Las L\u00edneas de colectivo que pasan por all\u00ed\u00a0son: el 64 (pasa a 2 cuadras) y el 600 (Por Lagunilla a &#8230; <a title=\"Noticias del Instituto\" class=\"read-more\" href=\"https:\/\/isfdtrettel-cba.infd.edu.ar\/sitio\/noticias-del-instituto\/\" aria-label=\"More on Noticias del Instituto\">[+]<\/a><\/p>\n","protected":false},"author":332,"featured_media":716,"parent":0,"menu_order":0,"comment_status":"closed","ping_status":"closed","template":"","meta":[],"acf":[],"_links":{"self":[{"href":"https:\/\/isfdtrettel-cba.infd.edu.ar\/sitio\/wp-json\/wp\/v2\/pages\/773"}],"collection":[{"href":"https:\/\/isfdtrettel-cba.infd.edu.ar\/sitio\/wp-json\/wp\/v2\/pages"}],"about":[{"href":"https:\/\/isfdtrettel-cba.infd.edu.ar\/sitio\/wp-json\/wp\/v2\/types\/page"}],"author":[{"embeddable":true,"href":"https:\/\/isfdtrettel-cba.infd.edu.ar\/sitio\/wp-json\/wp\/v2\/users\/332"}],"replies":[{"embeddable":true,"href":"https:\/\/isfdtrettel-cba.infd.edu.ar\/sitio\/wp-json\/wp\/v2\/comments?post=773"}],"version-history":[{"count":197,"href":"https:\/\/isfdtrettel-cba.infd.edu.ar\/sitio\/wp-json\/wp\/v2\/pages\/773\/revisions"}],"predecessor-version":[{"id":2826,"href":"https:\/\/isfdtrettel-cba.infd.edu.ar\/sitio\/wp-json\/wp\/v2\/pages\/773\/revisions\/2826"}],"wp:featuredmedia":[{"embeddable":true,"href":"https:\/\/isfdtrettel-cba.infd.edu.ar\/sitio\/wp-json\/wp\/v2\/media\/716"}],"wp:attachment":[{"href":"https:\/\/isfdtrettel-cba.infd.edu.ar\/sitio\/wp-json\/wp\/v2\/media?parent=773"}],"curies":[{"name":"wp","href":"https:\/\/api.w.org\/{rel}","templated":true}]}}