{"id":776,"date":"2018-08-30T11:07:08","date_gmt":"2018-08-30T14:07:08","guid":{"rendered":"https:\/\/isfdtrettel-cba.infd.edu.ar\/sitio\/informacion-para-egresados\/"},"modified":"2026-03-12T18:27:47","modified_gmt":"2026-03-12T21:27:47","slug":"informacion-para-egresados","status":"publish","type":"page","link":"https:\/\/isfdtrettel-cba.infd.edu.ar\/sitio\/informacion-para-egresados\/","title":{"rendered":"Informaci\u00f3n para Egresados"},"content":{"rendered":"\n<p>Est\u00e1n construyendo <strong>nuestro edificio<\/strong>, m\u00e1s informaci\u00f3n <a rel=\"noreferrer noopener\" href=\"https:\/\/isfdtrettel-cba.infd.edu.ar\/sitio\/noticias-del-instituto\/\" target=\"_blank\">Aqu\u00ed<\/a><\/p>\n\n\n\n<figure class=\"wp-block-pullquote has-border-color has-contrast-border-color has-pale-ocean-gradient-background has-background\" style=\"border-style:dotted;border-width:12px\"><blockquote><p><mark style=\"background-color:rgba(0, 0, 0, 0)\" class=\"has-inline-color has-vivid-green-cyan-color\"><strong>Informaci\u00f3n Importante<\/strong><\/mark> <br><strong>EGRESADXS 2025\/2026<br>INICIO DEL TR\u00c1MITE DE T\u00cdTULO DEFINITIVO <\/strong><br><br>1) Completar el formulario correspondiente seg\u00fan Profesorado:<br><br><a rel=\"noreferrer noopener\" href=\"https:\/\/forms.gle\/8B9srQQf7Pq8L48r6\" target=\"_blank\"><strong>Profesorado de Educaci\u00f3n Primaria Sede &#8211; Ciudad de C\u00f3rdoba<\/strong> <\/a><br> <strong><a rel=\"noreferrer noopener\" href=\"https:\/\/forms.gle\/PVgaGAf6Buye86bS7\" target=\"_blank\">Profesorado de Educaci\u00f3n Secundaria en Matem\u00e1tica Sede &#8211; Ciudad de C\u00f3rdoba\u00a0  <\/a><\/strong><br><br>2) Presentar en preceptor\u00eda fotocopia del DNI en formato papel <br><br>3) Entregar la notebook con cargador, comodato y caja.<br>  <br>4) Puede solicitar el ANAL\u00cdTICO PROVISORIO\/constancia del t\u00edtulo en tr\u00e1mite, enviando un mail a preceptoriatrettel@gmail.com, con los datos personales completos y el Profesorado del que egresa.<\/p><\/blockquote><\/figure>\n\n\n\n<figure class=\"wp-block-pullquote has-border-color has-contrast-border-color has-background\" style=\"border-style:dotted;border-width:12px;background:linear-gradient(0deg,rgb(255,245,203) 0%,rgb(182,227,212) 50%,rgb(51,167,181) 100%)\"><blockquote><p>\u00bf<strong>EGRESASTE<\/strong>? <br>Todav\u00eda pod\u00e9s seguir siendo parte  de la <strong>comunidad<\/strong> del Trettel!!!!<br><br>* Pod\u00e9s ser representante de los egresados en el <strong>Consejo<\/strong> <strong>Institucional<\/strong>, se renueva cada dos a\u00f1os. Representantes actuales: Arancibia, Yohana, Pereira, Ivana y Contreras Andrea.<br><br>* Pod\u00e9s ser parte de la Comisi\u00f3n Directiva de la <strong>Cooperadora<\/strong>, se renueva cada dos a\u00f1os.<br><br>* Pod\u00e9s cursar como <strong>Alumno\/a Regular Especial<\/strong> hasta dos Espacios Curriculares. Ten\u00e9s que inscribirte a principio de a\u00f1o, una vez Aprobado el Espacio Curricular se confecciona el Certificado. Es requisito presentar copia del Titulo Docente.<br>\u00a1La Junta de Inicial y de Primaria reconoce el <strong>puntaje<\/strong>!<br><br>\u00a1\u00a1\u00a1\u00a1\u00a1<strong>ADSCRIPCIONES<\/strong>!!!<br>* Pod\u00e9s ser <strong>Adscripto\/a <\/strong>en cualquier Espacio Curricular, hasta dos <em>a\u00f1os<\/em>. En el siguiente link se encuentra toda la informaci\u00f3n. <a href=\"https:\/\/drive.google.com\/drive\/folders\/1aFjYyU5cXjjg5uEENCMi0OrK2Dbd4trT?usp=sharing\">Adscripciones<\/a> <br>  <br>\u00a1La Junta de Inicial y de Primaria reconoce el <strong>puntaje<\/strong>!<\/p><\/blockquote><\/figure>\n\n\n\n<figure class=\"wp-block-pullquote has-pale-ocean-gradient-background has-background\" style=\"border-style:dotted;border-width:12px\"><blockquote><p><strong>\u00bfQUER\u00c9S COMUNICARTE CON NOSOTROS?<\/strong><br>Pod\u00e9s escribirnos a <strong>reneetrettel@gmail.com  <\/strong><br>O llamarnos al <strong>4251118<\/strong> en el horario de <strong>15:00 a 21:00 hs<\/strong><\/p><\/blockquote><\/figure>\n\n\n\n<p><pre class=\"wp-block-code\"><code><figure class=\"wp-block-pullquote has-border-color has-contrast-border-color has-pale-ocean-gradient-background has-background\" style=\"border-style:dashed\"><blockquote><p><u><strong>RENOVACION DE CONSEJEROS INSTITUCIONALES 2024<\/strong><\/u><img decoding=\"async\" loading=\"lazy\" width=\"1241\" height=\"1755\" class=\"wp-image-2332\" style=\"font-size: revert; background-color: rgb(255, 255, 255); width: 1024px;\" src=\"https:\/\/isfdtrettel-cba.infd.edu.ar\/sitio\/wp-content\/uploads\/2024\/09\/CRONOGRAMA-ELECTORAL-2024.jpg\" alt=\"\" srcset=\"https:\/\/isfdtrettel-cba.infd.edu.ar\/sitio\/wp-content\/uploads\/2024\/09\/CRONOGRAMA-ELECTORAL-2024.jpg 1241w, https:\/\/isfdtrettel-cba.infd.edu.ar\/sitio\/wp-content\/uploads\/2024\/09\/CRONOGRAMA-ELECTORAL-2024-707x1000.jpg 707w, https:\/\/isfdtrettel-cba.infd.edu.ar\/sitio\/wp-content\/uploads\/2024\/09\/CRONOGRAMA-ELECTORAL-2024-768x1086.jpg 768w, https:\/\/isfdtrettel-cba.infd.edu.ar\/sitio\/wp-content\/uploads\/2024\/09\/CRONOGRAMA-ELECTORAL-2024-1086x1536.jpg 1086w\" sizes=\"(max-width: 1241px) 100vw, 1241px\" \/><\/p><\/blockquote><\/figure><\/code><\/pre><\/p>\n","protected":false},"excerpt":{"rendered":"<p>Est\u00e1n construyendo nuestro edificio, m\u00e1s informaci\u00f3n Aqu\u00ed Informaci\u00f3n Importante EGRESADXS 2025\/2026INICIO DEL TR\u00c1MITE DE T\u00cdTULO DEFINITIVO 1) Completar el formulario correspondiente seg\u00fan Profesorado: Profesorado de Educaci\u00f3n Primaria Sede &#8211; Ciudad de C\u00f3rdoba Profesorado de Educaci\u00f3n Secundaria en Matem\u00e1tica Sede &#8211; Ciudad de C\u00f3rdoba\u00a0 2) Presentar en preceptor\u00eda fotocopia del DNI en formato papel 3) Entregar &#8230; <a title=\"Informaci\u00f3n para Egresados\" class=\"read-more\" href=\"https:\/\/isfdtrettel-cba.infd.edu.ar\/sitio\/informacion-para-egresados\/\" aria-label=\"More on Informaci\u00f3n para Egresados\">[+]<\/a><\/p>\n","protected":false},"author":332,"featured_media":0,"parent":0,"menu_order":0,"comment_status":"closed","ping_status":"closed","template":"","meta":[],"acf":[],"_links":{"self":[{"href":"https:\/\/isfdtrettel-cba.infd.edu.ar\/sitio\/wp-json\/wp\/v2\/pages\/776"}],"collection":[{"href":"https:\/\/isfdtrettel-cba.infd.edu.ar\/sitio\/wp-json\/wp\/v2\/pages"}],"about":[{"href":"https:\/\/isfdtrettel-cba.infd.edu.ar\/sitio\/wp-json\/wp\/v2\/types\/page"}],"author":[{"embeddable":true,"href":"https:\/\/isfdtrettel-cba.infd.edu.ar\/sitio\/wp-json\/wp\/v2\/users\/332"}],"replies":[{"embeddable":true,"href":"https:\/\/isfdtrettel-cba.infd.edu.ar\/sitio\/wp-json\/wp\/v2\/comments?post=776"}],"version-history":[{"count":65,"href":"https:\/\/isfdtrettel-cba.infd.edu.ar\/sitio\/wp-json\/wp\/v2\/pages\/776\/revisions"}],"predecessor-version":[{"id":2899,"href":"https:\/\/isfdtrettel-cba.infd.edu.ar\/sitio\/wp-json\/wp\/v2\/pages\/776\/revisions\/2899"}],"wp:attachment":[{"href":"https:\/\/isfdtrettel-cba.infd.edu.ar\/sitio\/wp-json\/wp\/v2\/media?parent=776"}],"curies":[{"name":"wp","href":"https:\/\/api.w.org\/{rel}","templated":true}]}}