{"id":779,"date":"2018-08-30T11:07:09","date_gmt":"2018-08-30T14:07:09","guid":{"rendered":"https:\/\/isfdtrettel-cba.infd.edu.ar\/sitio\/profesorado-de-educacion-inicial\/"},"modified":"2023-03-04T15:34:39","modified_gmt":"2023-03-04T18:34:39","slug":"profesorado-de-educacion-inicial","status":"publish","type":"page","link":"https:\/\/isfdtrettel-cba.infd.edu.ar\/sitio\/profesorado-de-educacion-inicial\/","title":{"rendered":"Profesorado de Educaci\u00f3n Inicial"},"content":{"rendered":"<p id=\"section-header\"><span style=\"font-size: 12pt;\"><span style=\"color: #993366;\"><strong>Prop\u00f3sitos:\u00a0<\/strong><\/span>el Profesorado\u00a0de Educaci\u00f3n Inicial tiene como prop\u00f3sito formar docentes capacitados para desempe\u00f1arse en\u00a0la Unidad Pedag\u00f3gica que constituye la Educaci\u00f3n Inicial, \u00a0que brinda educaci\u00f3n a los ni\u00f1os\/as de 45 d\u00edas a 5 a\u00f1os;\u00a0los jardines de infantes, a trav\u00e9s de la construcci\u00f3n de marcos comprensivos acerca de la realidad social de los jardines y de las acciones de los sujetos; de la comprensi\u00f3n cr\u00edtica del rol docente y de la relaci\u00f3n teor\u00eda-pr\u00e1ctica.\u00a0<\/span><\/p>\n<div id=\"contenido_sitio\">\n<p><span style=\"font-size: 12pt;\">La educaci\u00f3n en este nivel implica brindar ense\u00f1anzas que pongan a disposici\u00f3n de ni\u00f1os y ni\u00f1as un legado cultural que\u00a0ampl\u00ede\u00a0los propios, en el que el juego\u00a0ocupa un lugar relevante. \u00a0<\/span><\/p>\n<p><span style=\"font-size: 12pt;\">\u201cEl juego tendr\u00e1 verdadera presencia en las instituciones en la medida en que se acrecienten las situaciones l\u00fadicas que potencien los tiempos y los materiales de juego, se ense\u00f1en nuevos formatos que permitan complejizar la acci\u00f3n l\u00fadica y nuevos juegos que enriquezcan el acervo infantil\u201d Malajovich Ana (2006)\u00a0<\/span><\/p>\n<div id=\"contenido_sitio\">\n<p><span style=\"font-size: 12pt; color: #993366;\"><strong>T\u00edtulo:\u00a0Profesor\u00a0de Educaci\u00f3n Inicial<\/strong><\/span><\/p>\n<p><span style=\"color: #993366; font-size: 12pt;\"><strong>Duraci\u00f3n:\u00a04 a\u00f1os\u00a0\u00a0\u00a0\u00a0\u00a0\u00a0\u00a0\u00a0\u00a0\u00a0<\/strong><\/span><\/p>\n<p><span style=\"color: #993366; font-size: 12pt;\"><strong>Modalidad: cursado bimodal (presencial-no presencial)<\/strong><\/span><\/p>\n<p><strong><span style=\"color: #993366;\">Carrera a T\u00e9rmino<\/span><\/strong><\/p>\n<p><span style=\"color: #993366; font-size: 12pt;\"><strong>Validez:\u00a0oficial<\/strong><\/span><\/p>\n<p><span style=\"font-size: 12pt; color: #993366;\"><strong>Campo ocupacional<\/strong><\/span><\/p>\n<p><span style=\"font-size: 12pt;\">El Profesor\/a de Educaci\u00f3n Inicial puede ejercer la docencia en jardines de infantes, p\u00fablicos o privados, oficiales, municipales.\u00a0<\/span><\/p>\n<\/div>\n<\/div>\n","protected":false},"excerpt":{"rendered":"<p>Prop\u00f3sitos:\u00a0el Profesorado\u00a0de Educaci\u00f3n Inicial tiene como prop\u00f3sito formar docentes capacitados para desempe\u00f1arse en\u00a0la Unidad Pedag\u00f3gica que constituye la Educaci\u00f3n Inicial, \u00a0que brinda educaci\u00f3n a los ni\u00f1os\/as de 45 d\u00edas a 5 a\u00f1os;\u00a0los jardines de infantes, a trav\u00e9s de la construcci\u00f3n de marcos comprensivos acerca de la realidad social de los jardines y de las acciones &#8230; <a title=\"Profesorado de Educaci\u00f3n Inicial\" class=\"read-more\" href=\"https:\/\/isfdtrettel-cba.infd.edu.ar\/sitio\/profesorado-de-educacion-inicial\/\" aria-label=\"More on Profesorado de Educaci\u00f3n Inicial\">[+]<\/a><\/p>\n","protected":false},"author":332,"featured_media":0,"parent":0,"menu_order":0,"comment_status":"closed","ping_status":"closed","template":"","meta":[],"acf":[],"_links":{"self":[{"href":"https:\/\/isfdtrettel-cba.infd.edu.ar\/sitio\/wp-json\/wp\/v2\/pages\/779"}],"collection":[{"href":"https:\/\/isfdtrettel-cba.infd.edu.ar\/sitio\/wp-json\/wp\/v2\/pages"}],"about":[{"href":"https:\/\/isfdtrettel-cba.infd.edu.ar\/sitio\/wp-json\/wp\/v2\/types\/page"}],"author":[{"embeddable":true,"href":"https:\/\/isfdtrettel-cba.infd.edu.ar\/sitio\/wp-json\/wp\/v2\/users\/332"}],"replies":[{"embeddable":true,"href":"https:\/\/isfdtrettel-cba.infd.edu.ar\/sitio\/wp-json\/wp\/v2\/comments?post=779"}],"version-history":[{"count":2,"href":"https:\/\/isfdtrettel-cba.infd.edu.ar\/sitio\/wp-json\/wp\/v2\/pages\/779\/revisions"}],"predecessor-version":[{"id":1790,"href":"https:\/\/isfdtrettel-cba.infd.edu.ar\/sitio\/wp-json\/wp\/v2\/pages\/779\/revisions\/1790"}],"wp:attachment":[{"href":"https:\/\/isfdtrettel-cba.infd.edu.ar\/sitio\/wp-json\/wp\/v2\/media?parent=779"}],"curies":[{"name":"wp","href":"https:\/\/api.w.org\/{rel}","templated":true}]}}