{"id":781,"date":"2018-08-30T11:07:10","date_gmt":"2018-08-30T14:07:10","guid":{"rendered":"https:\/\/isfdtrettel-cba.infd.edu.ar\/sitio\/profesorado-de-educacion-secundaria-en-matematica\/"},"modified":"2023-03-04T15:35:41","modified_gmt":"2023-03-04T18:35:41","slug":"profesorado-de-educacion-secundaria-en-matematica","status":"publish","type":"page","link":"https:\/\/isfdtrettel-cba.infd.edu.ar\/sitio\/profesorado-de-educacion-secundaria-en-matematica\/","title":{"rendered":"Profesorado de Educaci\u00f3n Secundaria en Matem\u00e1tica"},"content":{"rendered":"<p><span style=\"font-size: 12pt; color: #0000ff;\"><strong>OBJETIVOS DE LA CARRERA:<\/strong><\/span><\/p>\n<p>&#8211;\u00a0\u00a0\u00a0\u00a0\u00a0\u00a0\u00a0\u00a0\u00a0<span style=\"font-size: 10pt;\"> Brindar educaci\u00f3n para desarrollar y fortalecer la formaci\u00f3n integral de las personas y la capacidad cr\u00edtica para promover los valores de libertad, paz, solidaridad, igualdad, respeto por la diversidad, justicia, responsabilidad y bien com\u00fan.<\/span><\/p>\n<p><span style=\"font-size: 10pt;\">&#8211;\u00a0\u00a0\u00a0\u00a0\u00a0\u00a0\u00a0\u00a0\u00a0 Preparar profesionales capaces de ense\u00f1ar generar y transmitir los conocimientos necesarios para la formaci\u00f3n de profesionales con capacidad para el respeto.<\/span><\/p>\n<p><span style=\"font-size: 10pt;\">&#8211;\u00a0\u00a0\u00a0\u00a0\u00a0\u00a0\u00a0\u00a0\u00a0 Promover a la construcci\u00f3n de una identidad docente basada en la autonom\u00eda profesional, el v\u00ednculo con la cultura y el trabajo en equipo, que generen compromisos de inclusi\u00f3n y la confianza en las posibilidades de aprendizaje de los estudiantes.<\/span><\/p>\n<p><span style=\"font-size: 10pt;\">&#8211;\u00a0\u00a0\u00a0\u00a0\u00a0\u00a0\u00a0\u00a0\u00a0 Brindar una formaci\u00f3n ciudadana comprometida con los valores \u00e9ticos y democr\u00e1ticos de participaci\u00f3n social.<\/span><\/p>\n<p><span style=\"font-size: 10pt;\">&#8211;\u00a0\u00a0\u00a0\u00a0\u00a0\u00a0\u00a0\u00a0\u00a0 Generar propuestas educativas incluyentes para qui\u00e9nes no pueden hasta el momento acceder a las carreras de Nivel Superior, contemplando su singularidad, su recorrido educativo y social.<\/span><\/p>\n<p><span style=\"font-size: 10pt;\">&#8211;\u00a0\u00a0\u00a0\u00a0\u00a0\u00a0\u00a0\u00a0\u00a0 Fortalecer las pr\u00e1cticas de formaci\u00f3n docente en los procesos educativos poniendo en juego redes de experiencias, saberes, historias, deseos y resistencias constituidas en cada espacio formativo.<\/span><\/p>\n<p><span style=\"font-size: 10pt;\">&#8211;\u00a0\u00a0\u00a0\u00a0\u00a0\u00a0\u00a0\u00a0\u00a0 Generar condiciones para el ejercicio de la responsabilidad de su propio proceso de formaci\u00f3n.<\/span><\/p>\n<p><span style=\"font-size: 10pt;\">&#8211;\u00a0\u00a0\u00a0\u00a0\u00a0\u00a0\u00a0\u00a0\u00a0 Proponer en la formaci\u00f3n docente espacios para investigar, para cuestionar y debatir el sentido de la pr\u00e1ctica como espacio del aprender y del ense\u00f1ar.<\/span><\/p>\n<p><span style=\"font-size: 10pt;\">&#8211;\u00a0\u00a0\u00a0\u00a0\u00a0\u00a0\u00a0\u00a0\u00a0 Propiciar en la formaci\u00f3n docente inicial y continua una praxis de reflexi\u00f3n y acci\u00f3n, para fortalecer los v\u00ednculos entre los sujetos, con el conocimiento y las diferentes din\u00e1micas institucionales.<\/span><\/p>\n<p><span style=\"font-size: 10pt; color: #993366;\"><strong>T\u00edtulo:\u00a0Profesor\/a de Educaci\u00f3n Secundaria en\u00a0<\/strong><\/span><span style=\"color: #993366;\"><span style=\"font-size: 13.3333px;\"><b>Matem\u00e1tica<\/b><\/span><\/span><\/p>\n<p><span style=\"font-size: 10pt; color: #993366;\"><strong>Duraci\u00f3n:\u00a04 a\u00f1os\u00a0\u00a0\u00a0\u00a0\u00a0\u00a0\u00a0\u00a0\u00a0\u00a0<\/strong><\/span><\/p>\n<p><span style=\"font-size: 10pt; color: #993366;\"><strong>Modalidad: cursado bimodal (presencial-no presencial)<\/strong><\/span><\/p>\n<h6><strong><span style=\"color: #993366;\">Carrera a T\u00e9rmino<\/span><\/strong><\/h6>\n<p><span style=\"font-size: 10pt; color: #993366;\"><strong>Validez:\u00a0oficial<\/strong><\/span><\/p>\n","protected":false},"excerpt":{"rendered":"<p>OBJETIVOS DE LA CARRERA: &#8211;\u00a0\u00a0\u00a0\u00a0\u00a0\u00a0\u00a0\u00a0\u00a0 Brindar educaci\u00f3n para desarrollar y fortalecer la formaci\u00f3n integral de las personas y la capacidad cr\u00edtica para promover los valores de libertad, paz, solidaridad, igualdad, respeto por la diversidad, justicia, responsabilidad y bien com\u00fan. &#8211;\u00a0\u00a0\u00a0\u00a0\u00a0\u00a0\u00a0\u00a0\u00a0 Preparar profesionales capaces de ense\u00f1ar generar y transmitir los conocimientos necesarios para la formaci\u00f3n de &#8230; <a title=\"Profesorado de Educaci\u00f3n Secundaria en Matem\u00e1tica\" class=\"read-more\" href=\"https:\/\/isfdtrettel-cba.infd.edu.ar\/sitio\/profesorado-de-educacion-secundaria-en-matematica\/\" aria-label=\"More on Profesorado de Educaci\u00f3n Secundaria en Matem\u00e1tica\">[+]<\/a><\/p>\n","protected":false},"author":332,"featured_media":0,"parent":0,"menu_order":0,"comment_status":"closed","ping_status":"closed","template":"","meta":[],"acf":[],"_links":{"self":[{"href":"https:\/\/isfdtrettel-cba.infd.edu.ar\/sitio\/wp-json\/wp\/v2\/pages\/781"}],"collection":[{"href":"https:\/\/isfdtrettel-cba.infd.edu.ar\/sitio\/wp-json\/wp\/v2\/pages"}],"about":[{"href":"https:\/\/isfdtrettel-cba.infd.edu.ar\/sitio\/wp-json\/wp\/v2\/types\/page"}],"author":[{"embeddable":true,"href":"https:\/\/isfdtrettel-cba.infd.edu.ar\/sitio\/wp-json\/wp\/v2\/users\/332"}],"replies":[{"embeddable":true,"href":"https:\/\/isfdtrettel-cba.infd.edu.ar\/sitio\/wp-json\/wp\/v2\/comments?post=781"}],"version-history":[{"count":3,"href":"https:\/\/isfdtrettel-cba.infd.edu.ar\/sitio\/wp-json\/wp\/v2\/pages\/781\/revisions"}],"predecessor-version":[{"id":1791,"href":"https:\/\/isfdtrettel-cba.infd.edu.ar\/sitio\/wp-json\/wp\/v2\/pages\/781\/revisions\/1791"}],"wp:attachment":[{"href":"https:\/\/isfdtrettel-cba.infd.edu.ar\/sitio\/wp-json\/wp\/v2\/media?parent=781"}],"curies":[{"name":"wp","href":"https:\/\/api.w.org\/{rel}","templated":true}]}}