{"id":803,"date":"2018-08-30T11:07:13","date_gmt":"2018-08-30T14:07:13","guid":{"rendered":"https:\/\/isfdtrettel-cba.infd.edu.ar\/sitio\/plan-de-estudios\/"},"modified":"2025-12-16T15:48:18","modified_gmt":"2025-12-16T18:48:18","slug":"plan-de-estudios","status":"publish","type":"page","link":"https:\/\/isfdtrettel-cba.infd.edu.ar\/sitio\/plan-de-estudios\/","title":{"rendered":"Plan de estudios PEP"},"content":{"rendered":"\n<p class=\"has-text-color\" style=\"color:#226225\"><strong>Las Correlatividades se encuentran a continuaci\u00f3n del Plan de Estudios<\/strong><\/p>\n\n\n\n<figure class=\"wp-block-image size-full\"><img decoding=\"async\" loading=\"lazy\" width=\"1122\" height=\"645\" src=\"https:\/\/isfdtrettel-cba.infd.edu.ar\/sitio\/wp-content\/uploads\/2024\/11\/Plan-de-estudios-PEP.jpg\" alt=\"\" class=\"wp-image-2529\" srcset=\"https:\/\/isfdtrettel-cba.infd.edu.ar\/sitio\/wp-content\/uploads\/2024\/11\/Plan-de-estudios-PEP.jpg 1122w, https:\/\/isfdtrettel-cba.infd.edu.ar\/sitio\/wp-content\/uploads\/2024\/11\/Plan-de-estudios-PEP-1000x575.jpg 1000w, https:\/\/isfdtrettel-cba.infd.edu.ar\/sitio\/wp-content\/uploads\/2024\/11\/Plan-de-estudios-PEP-768x441.jpg 768w\" sizes=\"(max-width: 1122px) 100vw, 1122px\" \/><\/figure>\n\n\n\n<figure class=\"wp-block-image size-full\"><img decoding=\"async\" loading=\"lazy\" width=\"1270\" height=\"845\" src=\"https:\/\/isfdtrettel-cba.infd.edu.ar\/sitio\/wp-content\/uploads\/2023\/11\/Correlatividades-PEP-1.png\" alt=\"\" class=\"wp-image-2120\" srcset=\"https:\/\/isfdtrettel-cba.infd.edu.ar\/sitio\/wp-content\/uploads\/2023\/11\/Correlatividades-PEP-1.png 1270w, https:\/\/isfdtrettel-cba.infd.edu.ar\/sitio\/wp-content\/uploads\/2023\/11\/Correlatividades-PEP-1-1000x665.png 1000w, https:\/\/isfdtrettel-cba.infd.edu.ar\/sitio\/wp-content\/uploads\/2023\/11\/Correlatividades-PEP-1-768x511.png 768w\" sizes=\"(max-width: 1270px) 100vw, 1270px\" \/><\/figure>\n\n\n\n<p><\/p>\n\n\n\n<figure class=\"wp-block-pullquote has-pale-ocean-gradient-background has-background\" style=\"border-radius:69px\"><blockquote><p>&nbsp;<br>\u00abSi necesitas que te orientemos respecto de las correlatividades, acercate a la coordinaci\u00f3n del Trettel. Si est\u00e1s&nbsp; por decidir algo importante, podemos acompa\u00f1arte.\u00bb<br>&nbsp;<br>Muchas gracias, Silvana, Carolina y Lucrecia<br>&nbsp;<\/p><\/blockquote><\/figure>\n\n\n\n<p><\/p>\n\n\n\n<p><\/p>\n","protected":false},"excerpt":{"rendered":"<p>Las Correlatividades se encuentran a continuaci\u00f3n del Plan de Estudios &nbsp;\u00abSi necesitas que te orientemos respecto de las correlatividades, acercate a la coordinaci\u00f3n del Trettel. Si est\u00e1s&nbsp; por decidir algo importante, podemos acompa\u00f1arte.\u00bb&nbsp;Muchas gracias, Silvana, Carolina y Lucrecia&nbsp;<\/p>\n","protected":false},"author":332,"featured_media":0,"parent":0,"menu_order":0,"comment_status":"closed","ping_status":"closed","template":"","meta":[],"acf":[],"_links":{"self":[{"href":"https:\/\/isfdtrettel-cba.infd.edu.ar\/sitio\/wp-json\/wp\/v2\/pages\/803"}],"collection":[{"href":"https:\/\/isfdtrettel-cba.infd.edu.ar\/sitio\/wp-json\/wp\/v2\/pages"}],"about":[{"href":"https:\/\/isfdtrettel-cba.infd.edu.ar\/sitio\/wp-json\/wp\/v2\/types\/page"}],"author":[{"embeddable":true,"href":"https:\/\/isfdtrettel-cba.infd.edu.ar\/sitio\/wp-json\/wp\/v2\/users\/332"}],"replies":[{"embeddable":true,"href":"https:\/\/isfdtrettel-cba.infd.edu.ar\/sitio\/wp-json\/wp\/v2\/comments?post=803"}],"version-history":[{"count":9,"href":"https:\/\/isfdtrettel-cba.infd.edu.ar\/sitio\/wp-json\/wp\/v2\/pages\/803\/revisions"}],"predecessor-version":[{"id":2851,"href":"https:\/\/isfdtrettel-cba.infd.edu.ar\/sitio\/wp-json\/wp\/v2\/pages\/803\/revisions\/2851"}],"wp:attachment":[{"href":"https:\/\/isfdtrettel-cba.infd.edu.ar\/sitio\/wp-json\/wp\/v2\/media?parent=803"}],"curies":[{"name":"wp","href":"https:\/\/api.w.org\/{rel}","templated":true}]}}