{"id":815,"date":"2018-08-30T11:07:18","date_gmt":"2018-08-30T14:07:18","guid":{"rendered":"https:\/\/isfdtrettel-cba.infd.edu.ar\/sitio\/anexo-villa-santa-rosa-de-rio-primero\/"},"modified":"2026-03-01T20:16:05","modified_gmt":"2026-03-01T23:16:05","slug":"anexo-villa-santa-rosa-de-rio-primero","status":"publish","type":"page","link":"https:\/\/isfdtrettel-cba.infd.edu.ar\/sitio\/anexo-villa-santa-rosa-de-rio-primero\/","title":{"rendered":"Extensi\u00f3n \u00c1ulica Villa Santa Rosa de R\u00edo Primero"},"content":{"rendered":"\n<pre class=\"wp-block-preformatted has-pale-ocean-gradient-background has-background has-medium-font-size\"><strong>En el 2015 abre en Villa Santa Rosa de R\u00edo Primero una Extensi\u00f3n \u00c1ulica del ISFD Ren\u00e9e Trettel de Fabi\u00e1n, creando una cohorte del Profesorado del Educaci\u00f3n Primaria. La misma comienza a funcionar en el Centro Educativo Municipal que se ubica en V\u00e9lez Sarsfield N\u00ba 526.<\/strong>\n\n<strong>A partir las gestiones realizadas en el 2017 se abre una cohorte del Profesorado de Educaci\u00f3n Inicial, ampliando as\u00ed la oferta de formaci\u00f3n Docente inicial en dicha Localidad.<\/strong>\n\n<strong>Horario de 8:00 a 13:00 hs<\/strong>\n\n<strong>Correo electr\u00f3nico\u00a0anexotrettelsantarosa@gmail.com\u00a0<\/strong><\/pre>\n\n\n\n<figure class=\"wp-block-gallery has-nested-images columns-default is-cropped wp-block-gallery-1 is-layout-flex\">\n<figure class=\"wp-block-image size-large\"><img decoding=\"async\" loading=\"lazy\" width=\"1040\" height=\"585\" data-id=\"2071\"  src=\"https:\/\/isfdtrettel-cba.infd.edu.ar\/sitio\/wp-content\/uploads\/2023\/11\/IMG-20191112-WA0021.jpg\" alt=\"\" class=\"wp-image-2071\" srcset=\"https:\/\/isfdtrettel-cba.infd.edu.ar\/sitio\/wp-content\/uploads\/2023\/11\/IMG-20191112-WA0021.jpg 1040w, https:\/\/isfdtrettel-cba.infd.edu.ar\/sitio\/wp-content\/uploads\/2023\/11\/IMG-20191112-WA0021-1000x563.jpg 1000w, https:\/\/isfdtrettel-cba.infd.edu.ar\/sitio\/wp-content\/uploads\/2023\/11\/IMG-20191112-WA0021-768x432.jpg 768w\" sizes=\"(max-width: 1040px) 100vw, 1040px\" \/><\/figure>\n\n\n\n<figure class=\"wp-block-image size-large\"><img decoding=\"async\" loading=\"lazy\" width=\"1280\" height=\"720\" data-id=\"2072\"  src=\"https:\/\/isfdtrettel-cba.infd.edu.ar\/sitio\/wp-content\/uploads\/2023\/11\/IMG-20191112-WA0022.jpg\" alt=\"\" class=\"wp-image-2072\" srcset=\"https:\/\/isfdtrettel-cba.infd.edu.ar\/sitio\/wp-content\/uploads\/2023\/11\/IMG-20191112-WA0022.jpg 1280w, https:\/\/isfdtrettel-cba.infd.edu.ar\/sitio\/wp-content\/uploads\/2023\/11\/IMG-20191112-WA0022-1000x563.jpg 1000w, https:\/\/isfdtrettel-cba.infd.edu.ar\/sitio\/wp-content\/uploads\/2023\/11\/IMG-20191112-WA0022-768x432.jpg 768w\" sizes=\"(max-width: 1280px) 100vw, 1280px\" \/><\/figure>\n\n\n\n<figure class=\"wp-block-image size-large\"><img decoding=\"async\" loading=\"lazy\" width=\"1280\" height=\"720\" data-id=\"2073\"  src=\"https:\/\/isfdtrettel-cba.infd.edu.ar\/sitio\/wp-content\/uploads\/2023\/11\/IMG-20191112-WA0026.jpg\" alt=\"\" class=\"wp-image-2073\" srcset=\"https:\/\/isfdtrettel-cba.infd.edu.ar\/sitio\/wp-content\/uploads\/2023\/11\/IMG-20191112-WA0026.jpg 1280w, https:\/\/isfdtrettel-cba.infd.edu.ar\/sitio\/wp-content\/uploads\/2023\/11\/IMG-20191112-WA0026-1000x563.jpg 1000w, https:\/\/isfdtrettel-cba.infd.edu.ar\/sitio\/wp-content\/uploads\/2023\/11\/IMG-20191112-WA0026-768x432.jpg 768w\" sizes=\"(max-width: 1280px) 100vw, 1280px\" \/><\/figure>\n\n\n\n<figure class=\"wp-block-image size-large\"><img decoding=\"async\" loading=\"lazy\" width=\"1280\" height=\"720\" data-id=\"2074\"  src=\"https:\/\/isfdtrettel-cba.infd.edu.ar\/sitio\/wp-content\/uploads\/2023\/11\/IMG-20191112-WA0030.jpg\" alt=\"\" class=\"wp-image-2074\" srcset=\"https:\/\/isfdtrettel-cba.infd.edu.ar\/sitio\/wp-content\/uploads\/2023\/11\/IMG-20191112-WA0030.jpg 1280w, https:\/\/isfdtrettel-cba.infd.edu.ar\/sitio\/wp-content\/uploads\/2023\/11\/IMG-20191112-WA0030-1000x563.jpg 1000w, https:\/\/isfdtrettel-cba.infd.edu.ar\/sitio\/wp-content\/uploads\/2023\/11\/IMG-20191112-WA0030-768x432.jpg 768w\" sizes=\"(max-width: 1280px) 100vw, 1280px\" \/><\/figure>\n\n\n\n<figure class=\"wp-block-image size-large\"><img decoding=\"async\" loading=\"lazy\" width=\"1040\" height=\"780\" data-id=\"2075\"  src=\"https:\/\/isfdtrettel-cba.infd.edu.ar\/sitio\/wp-content\/uploads\/2023\/11\/IMG-20191112-WA0031.jpg\" alt=\"\" class=\"wp-image-2075\" srcset=\"https:\/\/isfdtrettel-cba.infd.edu.ar\/sitio\/wp-content\/uploads\/2023\/11\/IMG-20191112-WA0031.jpg 1040w, https:\/\/isfdtrettel-cba.infd.edu.ar\/sitio\/wp-content\/uploads\/2023\/11\/IMG-20191112-WA0031-1000x750.jpg 1000w, https:\/\/isfdtrettel-cba.infd.edu.ar\/sitio\/wp-content\/uploads\/2023\/11\/IMG-20191112-WA0031-768x576.jpg 768w\" sizes=\"(max-width: 1040px) 100vw, 1040px\" \/><\/figure>\n\n\n\n<figure class=\"wp-block-image size-large\"><img decoding=\"async\" loading=\"lazy\" width=\"1032\" height=\"774\" data-id=\"2076\"  src=\"https:\/\/isfdtrettel-cba.infd.edu.ar\/sitio\/wp-content\/uploads\/2023\/11\/IMG-20191112-WA0032.jpg\" alt=\"\" class=\"wp-image-2076\" srcset=\"https:\/\/isfdtrettel-cba.infd.edu.ar\/sitio\/wp-content\/uploads\/2023\/11\/IMG-20191112-WA0032.jpg 1032w, https:\/\/isfdtrettel-cba.infd.edu.ar\/sitio\/wp-content\/uploads\/2023\/11\/IMG-20191112-WA0032-1000x750.jpg 1000w, https:\/\/isfdtrettel-cba.infd.edu.ar\/sitio\/wp-content\/uploads\/2023\/11\/IMG-20191112-WA0032-768x576.jpg 768w\" sizes=\"(max-width: 1032px) 100vw, 1032px\" \/><\/figure>\n<\/figure>\n","protected":false},"excerpt":{"rendered":"<p>En el 2015 abre en Villa Santa Rosa de R\u00edo Primero una Extensi\u00f3n \u00c1ulica del ISFD Ren\u00e9e Trettel de Fabi\u00e1n, creando una cohorte del Profesorado del Educaci\u00f3n Primaria. La misma comienza a funcionar en el Centro Educativo Municipal que se ubica en V\u00e9lez Sarsfield N\u00ba 526. A partir las gestiones realizadas en el 2017 se &#8230; <a title=\"Extensi\u00f3n \u00c1ulica Villa Santa Rosa de R\u00edo Primero\" class=\"read-more\" href=\"https:\/\/isfdtrettel-cba.infd.edu.ar\/sitio\/anexo-villa-santa-rosa-de-rio-primero\/\" aria-label=\"More on Extensi\u00f3n \u00c1ulica Villa Santa Rosa de R\u00edo Primero\">[+]<\/a><\/p>\n","protected":false},"author":332,"featured_media":0,"parent":0,"menu_order":0,"comment_status":"closed","ping_status":"closed","template":"","meta":[],"acf":[],"_links":{"self":[{"href":"https:\/\/isfdtrettel-cba.infd.edu.ar\/sitio\/wp-json\/wp\/v2\/pages\/815"}],"collection":[{"href":"https:\/\/isfdtrettel-cba.infd.edu.ar\/sitio\/wp-json\/wp\/v2\/pages"}],"about":[{"href":"https:\/\/isfdtrettel-cba.infd.edu.ar\/sitio\/wp-json\/wp\/v2\/types\/page"}],"author":[{"embeddable":true,"href":"https:\/\/isfdtrettel-cba.infd.edu.ar\/sitio\/wp-json\/wp\/v2\/users\/332"}],"replies":[{"embeddable":true,"href":"https:\/\/isfdtrettel-cba.infd.edu.ar\/sitio\/wp-json\/wp\/v2\/comments?post=815"}],"version-history":[{"count":4,"href":"https:\/\/isfdtrettel-cba.infd.edu.ar\/sitio\/wp-json\/wp\/v2\/pages\/815\/revisions"}],"predecessor-version":[{"id":2876,"href":"https:\/\/isfdtrettel-cba.infd.edu.ar\/sitio\/wp-json\/wp\/v2\/pages\/815\/revisions\/2876"}],"wp:attachment":[{"href":"https:\/\/isfdtrettel-cba.infd.edu.ar\/sitio\/wp-json\/wp\/v2\/media?parent=815"}],"curies":[{"name":"wp","href":"https:\/\/api.w.org\/{rel}","templated":true}]}}