{"id":820,"date":"2018-08-30T11:07:20","date_gmt":"2018-08-30T14:07:20","guid":{"rendered":"https:\/\/isfdtrettel-cba.infd.edu.ar\/sitio\/plan-de-estudios-3\/"},"modified":"2025-12-16T15:33:22","modified_gmt":"2025-12-16T18:33:22","slug":"plan-de-estudios-3","status":"publish","type":"page","link":"https:\/\/isfdtrettel-cba.infd.edu.ar\/sitio\/plan-de-estudios-3\/","title":{"rendered":"Plan de Estudios PEI"},"content":{"rendered":"\n<p class=\"has-text-color\" style=\"color:#226225\"><strong>Las Correlatividades se encuentran a continuaci\u00f3n del Plan de Estudios<\/strong><\/p>\n\n\n\n<figure class=\"wp-block-image size-full\"><img decoding=\"async\" loading=\"lazy\" width=\"840\" height=\"587\" src=\"https:\/\/isfdtrettel-cba.infd.edu.ar\/sitio\/wp-content\/uploads\/2024\/11\/Plan-de-estudios-PEI.jpg\" alt=\"\" class=\"wp-image-2526\" srcset=\"https:\/\/isfdtrettel-cba.infd.edu.ar\/sitio\/wp-content\/uploads\/2024\/11\/Plan-de-estudios-PEI.jpg 840w, https:\/\/isfdtrettel-cba.infd.edu.ar\/sitio\/wp-content\/uploads\/2024\/11\/Plan-de-estudios-PEI-768x537.jpg 768w\" sizes=\"(max-width: 840px) 100vw, 840px\" \/><\/figure>\n\n\n\n<div class=\"wp-block-file\"><object class=\"wp-block-file__embed\" data=\"https:\/\/isfdtrettel-cba.infd.edu.ar\/sitio\/wp-content\/uploads\/2025\/12\/PEI-PROPUESTA_DE_CORRELATIVIDADES_MINIMAS_INICIAL.docx-1.pdf\" type=\"application\/pdf\" style=\"width:100%;height:600px\" aria-label=\"Incrustado de PEI-PROPUESTA_DE_CORRELATIVIDADES_MINIMAS_INICIAL.docx-1.\"><\/object><a id=\"wp-block-file--media-5866b030-4af7-4bae-bbe3-65d826c3ef3a\" href=\"https:\/\/isfdtrettel-cba.infd.edu.ar\/sitio\/wp-content\/uploads\/2025\/12\/PEI-PROPUESTA_DE_CORRELATIVIDADES_MINIMAS_INICIAL.docx-1.pdf\">PEI-PROPUESTA_DE_CORRELATIVIDADES_MINIMAS_INICIAL.docx-1<\/a><a href=\"https:\/\/isfdtrettel-cba.infd.edu.ar\/sitio\/wp-content\/uploads\/2025\/12\/PEI-PROPUESTA_DE_CORRELATIVIDADES_MINIMAS_INICIAL.docx-1.pdf\" class=\"wp-block-file__button wp-element-button\" download aria-describedby=\"wp-block-file--media-5866b030-4af7-4bae-bbe3-65d826c3ef3a\">Descarga<\/a><\/div>\n\n\n\n<figure class=\"wp-block-pullquote has-pale-ocean-gradient-background has-background\" style=\"border-radius:69px\"><blockquote><p><em>\u00abSi necesitas que te orientemos respecto de las correlatividades, acercate a la coordinaci\u00f3n del Trettel. Si est\u00e1s&nbsp; por decidir algo importante, podemos acompa\u00f1arte.\u00bb<\/em><br><em>&nbsp;<\/em><br><em>Muchas gracias, Silvana, Carolina y Lucrecia<\/em><\/p><\/blockquote><\/figure>\n","protected":false},"excerpt":{"rendered":"<p>Las Correlatividades se encuentran a continuaci\u00f3n del Plan de Estudios \u00abSi necesitas que te orientemos respecto de las correlatividades, acercate a la coordinaci\u00f3n del Trettel. Si est\u00e1s&nbsp; por decidir algo importante, podemos acompa\u00f1arte.\u00bb&nbsp;Muchas gracias, Silvana, Carolina y Lucrecia<\/p>\n","protected":false},"author":332,"featured_media":0,"parent":0,"menu_order":0,"comment_status":"closed","ping_status":"closed","template":"","meta":[],"acf":[],"_links":{"self":[{"href":"https:\/\/isfdtrettel-cba.infd.edu.ar\/sitio\/wp-json\/wp\/v2\/pages\/820"}],"collection":[{"href":"https:\/\/isfdtrettel-cba.infd.edu.ar\/sitio\/wp-json\/wp\/v2\/pages"}],"about":[{"href":"https:\/\/isfdtrettel-cba.infd.edu.ar\/sitio\/wp-json\/wp\/v2\/types\/page"}],"author":[{"embeddable":true,"href":"https:\/\/isfdtrettel-cba.infd.edu.ar\/sitio\/wp-json\/wp\/v2\/users\/332"}],"replies":[{"embeddable":true,"href":"https:\/\/isfdtrettel-cba.infd.edu.ar\/sitio\/wp-json\/wp\/v2\/comments?post=820"}],"version-history":[{"count":15,"href":"https:\/\/isfdtrettel-cba.infd.edu.ar\/sitio\/wp-json\/wp\/v2\/pages\/820\/revisions"}],"predecessor-version":[{"id":2849,"href":"https:\/\/isfdtrettel-cba.infd.edu.ar\/sitio\/wp-json\/wp\/v2\/pages\/820\/revisions\/2849"}],"wp:attachment":[{"href":"https:\/\/isfdtrettel-cba.infd.edu.ar\/sitio\/wp-json\/wp\/v2\/media?parent=820"}],"curies":[{"name":"wp","href":"https:\/\/api.w.org\/{rel}","templated":true}]}}