{"id":822,"date":"2018-08-30T11:07:21","date_gmt":"2018-08-30T14:07:21","guid":{"rendered":"https:\/\/isfdtrettel-cba.infd.edu.ar\/sitio\/plan-de-estudios-4\/"},"modified":"2025-12-16T12:51:12","modified_gmt":"2025-12-16T15:51:12","slug":"plan-de-estudios-4","status":"publish","type":"page","link":"https:\/\/isfdtrettel-cba.infd.edu.ar\/sitio\/plan-de-estudios-4\/","title":{"rendered":"Plan de Estudios PESM"},"content":{"rendered":"\n<p class=\"has-text-color has-medium-font-size\" style=\"color:#226225\"><strong>Las Correlatividades se encuentran a continuaci\u00f3n del Plan de Estudios<\/strong><\/p>\n\n\n\n<figure class=\"wp-block-image size-full\"><img decoding=\"async\" loading=\"lazy\" width=\"1114\" height=\"601\" src=\"https:\/\/isfdtrettel-cba.infd.edu.ar\/sitio\/wp-content\/uploads\/2024\/11\/Plan-de-estudios-PESM.jpg\" alt=\"\" class=\"wp-image-2532\" srcset=\"https:\/\/isfdtrettel-cba.infd.edu.ar\/sitio\/wp-content\/uploads\/2024\/11\/Plan-de-estudios-PESM.jpg 1114w, https:\/\/isfdtrettel-cba.infd.edu.ar\/sitio\/wp-content\/uploads\/2024\/11\/Plan-de-estudios-PESM-1000x539.jpg 1000w, https:\/\/isfdtrettel-cba.infd.edu.ar\/sitio\/wp-content\/uploads\/2024\/11\/Plan-de-estudios-PESM-768x414.jpg 768w\" sizes=\"(max-width: 1114px) 100vw, 1114px\" \/><\/figure>\n\n\n\n<figure class=\"wp-block-image size-full is-resized\"><img decoding=\"async\" loading=\"lazy\" src=\"https:\/\/isfdtrettel-cba.infd.edu.ar\/sitio\/wp-content\/uploads\/2023\/11\/Correlatividades-PESM.jpg\" alt=\"\" class=\"wp-image-2108\" width=\"817\" height=\"886\"\/><\/figure>\n\n\n\n<blockquote class=\"wp-block-quote\">\n<figure class=\"wp-block-pullquote has-pale-ocean-gradient-background has-background\" style=\"border-radius:69px\"><blockquote><p><a href=\"https:\/\/isfdtrettel-cba.infd.edu.ar\/aula\/archivos\/repositorio\/\/250\/392\/Correlatividades_Prof_de_Ed_Secundaria_en_Matematica.PDF\"><strong>Correlatividades_Prof_de_Ed_Secundaria_en_Matematica.PDF<\/strong><\/a><\/p><\/blockquote><\/figure>\n\n\n\n<figure class=\"wp-block-pullquote has-pale-ocean-gradient-background has-background\" style=\"border-radius:69px\"><blockquote><p><em>\u00abSi necesitas que te orientemos respecto de las correlatividades, acercate a la coordinaci\u00f3n del Trettel. Si est\u00e1s&nbsp; por decidir algo importante, podemos acompa\u00f1arte.\u00bb<\/em><br><em>&nbsp;<\/em><br><em>Muchas gracias, Silvana y Carolina<\/em><\/p><\/blockquote><\/figure>\n<\/blockquote>\n","protected":false},"excerpt":{"rendered":"<p>Las Correlatividades se encuentran a continuaci\u00f3n del Plan de Estudios Correlatividades_Prof_de_Ed_Secundaria_en_Matematica.PDF \u00abSi necesitas que te orientemos respecto de las correlatividades, acercate a la coordinaci\u00f3n del Trettel. Si est\u00e1s&nbsp; por decidir algo importante, podemos acompa\u00f1arte.\u00bb&nbsp;Muchas gracias, Silvana y Carolina<\/p>\n","protected":false},"author":332,"featured_media":0,"parent":0,"menu_order":0,"comment_status":"closed","ping_status":"closed","template":"","meta":[],"acf":[],"_links":{"self":[{"href":"https:\/\/isfdtrettel-cba.infd.edu.ar\/sitio\/wp-json\/wp\/v2\/pages\/822"}],"collection":[{"href":"https:\/\/isfdtrettel-cba.infd.edu.ar\/sitio\/wp-json\/wp\/v2\/pages"}],"about":[{"href":"https:\/\/isfdtrettel-cba.infd.edu.ar\/sitio\/wp-json\/wp\/v2\/types\/page"}],"author":[{"embeddable":true,"href":"https:\/\/isfdtrettel-cba.infd.edu.ar\/sitio\/wp-json\/wp\/v2\/users\/332"}],"replies":[{"embeddable":true,"href":"https:\/\/isfdtrettel-cba.infd.edu.ar\/sitio\/wp-json\/wp\/v2\/comments?post=822"}],"version-history":[{"count":13,"href":"https:\/\/isfdtrettel-cba.infd.edu.ar\/sitio\/wp-json\/wp\/v2\/pages\/822\/revisions"}],"predecessor-version":[{"id":2835,"href":"https:\/\/isfdtrettel-cba.infd.edu.ar\/sitio\/wp-json\/wp\/v2\/pages\/822\/revisions\/2835"}],"wp:attachment":[{"href":"https:\/\/isfdtrettel-cba.infd.edu.ar\/sitio\/wp-json\/wp\/v2\/media?parent=822"}],"curies":[{"name":"wp","href":"https:\/\/api.w.org\/{rel}","templated":true}]}}