{"id":824,"date":"2018-08-30T11:07:22","date_gmt":"2018-08-30T14:07:22","guid":{"rendered":"https:\/\/isfdtrettel-cba.infd.edu.ar\/sitio\/profesorado-de-educacion-primaria-2\/"},"modified":"2022-10-31T21:29:46","modified_gmt":"2022-11-01T00:29:46","slug":"profesorado-de-educacion-primaria-2","status":"publish","type":"page","link":"https:\/\/isfdtrettel-cba.infd.edu.ar\/sitio\/profesorado-de-educacion-primaria-2\/","title":{"rendered":"Profesorado de Educaci\u00f3n Primaria"},"content":{"rendered":"\n<h2 class=\"has-text-align-center wp-block-heading\"><strong>Primer coloquio integrador 2022<\/strong><\/h2>\n\n\n\n<p>A continuaci\u00f3n compartimos las fechas del primer coloquio del Profesorado de Educaci\u00f3n Primaria EN SEDE. Todos los coloquios son a las 18 hs y NO requieren inscripci\u00f3n previa. <\/p>\n\n\n\n<figure class=\"wp-block-image size-large is-resized\"><img decoding=\"async\" loading=\"lazy\" src=\"https:\/\/isfdtrettel-cba.infd.edu.ar\/sitio\/wp-content\/uploads\/2022\/10\/Coloquios-Integradores-2022-PEP-SEDE-1.jpg\" alt=\"\" class=\"wp-image-1685\" width=\"1005\" height=\"709\"\/><\/figure>\n\n\n\n<figure class=\"wp-block-image size-large is-resized\"><img decoding=\"async\" loading=\"lazy\" src=\"https:\/\/isfdtrettel-cba.infd.edu.ar\/sitio\/wp-content\/uploads\/2022\/10\/Coloquios-Integradores-2022-PEP-SEDE-2.jpg\" alt=\"\" class=\"wp-image-1686\" width=\"1013\" height=\"715\"\/><\/figure>\n\n\n\n<figure class=\"wp-block-image size-large is-resized\"><img decoding=\"async\" loading=\"lazy\" src=\"https:\/\/isfdtrettel-cba.infd.edu.ar\/sitio\/wp-content\/uploads\/2022\/10\/hoja-3_page-0001.jpg\" alt=\"\" class=\"wp-image-1720\" width=\"1017\" height=\"718\"\/><\/figure>\n","protected":false},"excerpt":{"rendered":"<p>Primer coloquio integrador 2022 A continuaci\u00f3n compartimos las fechas del primer coloquio del Profesorado de Educaci\u00f3n Primaria EN SEDE. Todos los coloquios son a las 18 hs y NO requieren inscripci\u00f3n previa.<\/p>\n","protected":false},"author":332,"featured_media":0,"parent":0,"menu_order":0,"comment_status":"closed","ping_status":"closed","template":"","meta":[],"acf":[],"_links":{"self":[{"href":"https:\/\/isfdtrettel-cba.infd.edu.ar\/sitio\/wp-json\/wp\/v2\/pages\/824"}],"collection":[{"href":"https:\/\/isfdtrettel-cba.infd.edu.ar\/sitio\/wp-json\/wp\/v2\/pages"}],"about":[{"href":"https:\/\/isfdtrettel-cba.infd.edu.ar\/sitio\/wp-json\/wp\/v2\/types\/page"}],"author":[{"embeddable":true,"href":"https:\/\/isfdtrettel-cba.infd.edu.ar\/sitio\/wp-json\/wp\/v2\/users\/332"}],"replies":[{"embeddable":true,"href":"https:\/\/isfdtrettel-cba.infd.edu.ar\/sitio\/wp-json\/wp\/v2\/comments?post=824"}],"version-history":[{"count":37,"href":"https:\/\/isfdtrettel-cba.infd.edu.ar\/sitio\/wp-json\/wp\/v2\/pages\/824\/revisions"}],"predecessor-version":[{"id":1721,"href":"https:\/\/isfdtrettel-cba.infd.edu.ar\/sitio\/wp-json\/wp\/v2\/pages\/824\/revisions\/1721"}],"wp:attachment":[{"href":"https:\/\/isfdtrettel-cba.infd.edu.ar\/sitio\/wp-json\/wp\/v2\/media?parent=824"}],"curies":[{"name":"wp","href":"https:\/\/api.w.org\/{rel}","templated":true}]}}